{"id":71,"date":"2025-09-17T08:15:05","date_gmt":"2025-09-17T06:15:05","guid":{"rendered":"https:\/\/demosites.io\/web-agency-gb\/?page_id=71"},"modified":"2026-01-28T21:34:54","modified_gmt":"2026-01-28T20:34:54","slug":"jaulas-de-faraday-modulares","status":"publish","type":"page","link":"https:\/\/www.iblimed.com\/index.php\/productos\/jaulas-de-faraday-modulares\/","title":{"rendered":"Jaulas de Faraday Modulares"},"content":{"rendered":"\n<div class=\"wp-block-cover alignfull\" style=\"min-height:320px;aspect-ratio:unset;\"><span aria-hidden=\"true\" class=\"wp-block-cover__background has-nv-site-bg-background-color has-background-dim-100 has-background-dim\"><\/span><div class=\"wp-block-cover__inner-container is-layout-flow wp-block-cover-is-layout-flow\">\n<div class=\"wp-block-group\"><div class=\"wp-block-group__inner-container is-layout-flow wp-block-group-is-layout-flow\">\n<div class=\"wp-block-columns are-vertically-aligned-center is-layout-flex wp-container-core-columns-is-layout-9d6595d7 wp-block-columns-is-layout-flex\">\n<div class=\"wp-block-column is-vertically-aligned-center is-layout-flow wp-block-column-is-layout-flow\" style=\"flex-basis:70%\">\n<h1 class=\"wp-block-heading has-text-align-center has-text-align-left has-neve-text-color-color has-text-color\">Jaulas de Faraday Modulares<\/h1>\n\n\n\n<p class=\"has-neve-text-color-color has-text-color\">Nuestras jaulas est\u00e1n fabricadas en m\u00f3dulos de madera revestidos en cobre o aluminio.<\/p>\n<\/div>\n\n\n\n<div class=\"wp-block-column is-vertically-aligned-center is-layout-flow wp-block-column-is-layout-flow\" style=\"flex-basis:30%\"><\/div>\n<\/div>\n<\/div><\/div>\n<\/div><\/div>\n\n\n\n<div class=\"wp-block-cover alignfull\" style=\"min-height:600px;aspect-ratio:unset;\"><span aria-hidden=\"true\" class=\"wp-block-cover__background has-nv-light-bg-background-color has-background-dim-100 has-background-dim\"><\/span><div class=\"wp-block-cover__inner-container is-layout-flow wp-block-cover-is-layout-flow\">\n<div class=\"wp-block-group\"><div class=\"wp-block-group__inner-container is-layout-flow wp-block-group-is-layout-flow\">\n<div style=\"height:80px\" aria-hidden=\"true\" class=\"wp-block-spacer\"><\/div>\n\n\n\n<div class=\"wp-block-columns is-layout-flex wp-container-core-columns-is-layout-9d6595d7 wp-block-columns-is-layout-flex\">\n<div class=\"wp-block-column is-vertically-aligned-top is-layout-flow wp-block-column-is-layout-flow\" style=\"flex-basis:66.79%\"><div class=\"wp-block-image is-style-rounded\">\n<figure class=\"aligncenter size-full is-resized has-custom-border\"><img loading=\"lazy\" decoding=\"async\" width=\"600\" height=\"600\" src=\"https:\/\/www.iblimed.com\/wp-content\/uploads\/2025\/08\/IMG_6695-Large.jpeg\" alt=\"\" class=\"wp-image-392\" style=\"border-radius:10px;object-fit:cover;width:545px;height:auto\" srcset=\"https:\/\/www.iblimed.com\/wp-content\/uploads\/2025\/08\/IMG_6695-Large.jpeg 600w, https:\/\/www.iblimed.com\/wp-content\/uploads\/2025\/08\/IMG_6695-Large-300x300.jpeg 300w, https:\/\/www.iblimed.com\/wp-content\/uploads\/2025\/08\/IMG_6695-Large-150x150.jpeg 150w\" sizes=\"auto, (max-width: 600px) 100vw, 600px\" \/><\/figure>\n<\/div>\n\n\n<div style=\"height:40px\" aria-hidden=\"true\" class=\"wp-block-spacer\"><\/div>\n<\/div>\n\n\n\n<div class=\"wp-block-column is-vertically-aligned-center is-layout-flow wp-block-column-is-layout-flow\" style=\"flex-basis:50%\">\n<p class=\"has-neve-text-color-color has-text-color\">Las jaulas han sido fabricadas mediante la uni\u00f3n de m\u00f3dulos de madera con revestimientos de cobre o aluminio. Este dise\u00f1o garantiza la atenuaci\u00f3n requerida por los fabricantes de equipos de resonancia magn\u00e9tica y permite armar y desarmar los m\u00f3dulos seg\u00fan necesidad.<\/p>\n\n\n\n<div style=\"height:24px\" aria-hidden=\"true\" class=\"wp-block-spacer\"><\/div>\n\n\n\n<ul class=\"wp-block-list has-neve-link-hover-color-color has-text-color has-link-color wp-elements-40cfd280b7b9cf21fc4ce5c4490fb319\">\n<li>Reducci\u00f3n significativa del peso total de la jaula, sin impacto estructural relevante<\/li>\n\n\n\n<li>Sistema autoportante: no requiere estructuras de soporte adicionales<\/li>\n\n\n\n<li>Instalaci\u00f3n r\u00e1pida y reutilizable<\/li>\n<\/ul>\n\n\n\n<div class=\"wp-block-buttons is-content-justification-center is-layout-flex wp-container-core-buttons-is-layout-16018d1d wp-block-buttons-is-layout-flex\">\n<div class=\"wp-block-button is-style-primary\"><a class=\"wp-block-button__link has-text-align-center wp-element-button\" href=\"https:\/\/www.iblimed.com\/index.php\/contactenos\/\">CONTACT\u00c9NOS<\/a><\/div>\n<\/div>\n\n\n\n<div style=\"height:24px\" aria-hidden=\"true\" class=\"wp-block-spacer\"><\/div>\n<\/div>\n<\/div>\n\n\n\n<div style=\"height:40px\" aria-hidden=\"true\" class=\"wp-block-spacer\"><\/div>\n<\/div><\/div>\n<\/div><\/div>\n","protected":false},"excerpt":{"rendered":"","protected":false},"author":1,"featured_media":0,"parent":69,"menu_order":0,"comment_status":"closed","ping_status":"closed","template":"","meta":{"neve_meta_sidebar":"default","neve_meta_container":"","neve_meta_enable_content_width":"on","neve_meta_content_width":100,"neve_meta_title_alignment":"","neve_meta_author_avatar":"","neve_post_elements_order":"","neve_meta_disable_header":"","neve_meta_disable_footer":"","neve_meta_disable_title":"on","_themeisle_gutenberg_block_has_review":false,"footnotes":""},"class_list":["post-71","page","type-page","status-publish","hentry"],"yoast_head":"<!-- This site is optimized with the Yoast SEO plugin v27.4 - https:\/\/yoast.com\/product\/yoast-seo-wordpress\/ -->\n<title>Jaulas de Faraday Modulares - IBLIMED<\/title>\n<meta name=\"robots\" content=\"index, follow, max-snippet:-1, max-image-preview:large, max-video-preview:-1\" \/>\n<link rel=\"canonical\" href=\"https:\/\/www.iblimed.com\/index.php\/productos\/jaulas-de-faraday-modulares\/\" \/>\n<meta property=\"og:locale\" content=\"es_ES\" \/>\n<meta property=\"og:type\" content=\"article\" \/>\n<meta property=\"og:title\" content=\"Jaulas de Faraday Modulares - IBLIMED\" \/>\n<meta property=\"og:url\" content=\"https:\/\/www.iblimed.com\/index.php\/productos\/jaulas-de-faraday-modulares\/\" \/>\n<meta property=\"og:site_name\" content=\"IBLIMED\" \/>\n<meta property=\"article:modified_time\" content=\"2026-01-28T20:34:54+00:00\" \/>\n<meta property=\"og:image\" content=\"https:\/\/www.iblimed.com\/wp-content\/uploads\/2025\/08\/IMG_6695-Large.jpeg\" \/>\n\t<meta property=\"og:image:width\" content=\"600\" \/>\n\t<meta property=\"og:image:height\" content=\"600\" \/>\n\t<meta property=\"og:image:type\" content=\"image\/jpeg\" \/>\n<meta name=\"twitter:card\" content=\"summary_large_image\" \/>\n<script type=\"application\/ld+json\" class=\"yoast-schema-graph\">{\"@context\":\"https:\\\/\\\/schema.org\",\"@graph\":[{\"@type\":\"WebPage\",\"@id\":\"https:\\\/\\\/www.iblimed.com\\\/index.php\\\/productos\\\/jaulas-de-faraday-modulares\\\/\",\"url\":\"https:\\\/\\\/www.iblimed.com\\\/index.php\\\/productos\\\/jaulas-de-faraday-modulares\\\/\",\"name\":\"Jaulas de Faraday Modulares - IBLIMED\",\"isPartOf\":{\"@id\":\"https:\\\/\\\/www.iblimed.com\\\/#website\"},\"primaryImageOfPage\":{\"@id\":\"https:\\\/\\\/www.iblimed.com\\\/index.php\\\/productos\\\/jaulas-de-faraday-modulares\\\/#primaryimage\"},\"image\":{\"@id\":\"https:\\\/\\\/www.iblimed.com\\\/index.php\\\/productos\\\/jaulas-de-faraday-modulares\\\/#primaryimage\"},\"thumbnailUrl\":\"https:\\\/\\\/www.iblimed.com\\\/wp-content\\\/uploads\\\/2025\\\/08\\\/IMG_6695-Large.jpeg\",\"datePublished\":\"2025-09-17T06:15:05+00:00\",\"dateModified\":\"2026-01-28T20:34:54+00:00\",\"breadcrumb\":{\"@id\":\"https:\\\/\\\/www.iblimed.com\\\/index.php\\\/productos\\\/jaulas-de-faraday-modulares\\\/#breadcrumb\"},\"inLanguage\":\"es\",\"potentialAction\":[{\"@type\":\"ReadAction\",\"target\":[\"https:\\\/\\\/www.iblimed.com\\\/index.php\\\/productos\\\/jaulas-de-faraday-modulares\\\/\"]}]},{\"@type\":\"ImageObject\",\"inLanguage\":\"es\",\"@id\":\"https:\\\/\\\/www.iblimed.com\\\/index.php\\\/productos\\\/jaulas-de-faraday-modulares\\\/#primaryimage\",\"url\":\"https:\\\/\\\/www.iblimed.com\\\/wp-content\\\/uploads\\\/2025\\\/08\\\/IMG_6695-Large.jpeg\",\"contentUrl\":\"https:\\\/\\\/www.iblimed.com\\\/wp-content\\\/uploads\\\/2025\\\/08\\\/IMG_6695-Large.jpeg\",\"width\":600,\"height\":600},{\"@type\":\"BreadcrumbList\",\"@id\":\"https:\\\/\\\/www.iblimed.com\\\/index.php\\\/productos\\\/jaulas-de-faraday-modulares\\\/#breadcrumb\",\"itemListElement\":[{\"@type\":\"ListItem\",\"position\":1,\"name\":\"Home\",\"item\":\"https:\\\/\\\/www.iblimed.com\\\/\"},{\"@type\":\"ListItem\",\"position\":2,\"name\":\"Productos\",\"item\":\"https:\\\/\\\/www.iblimed.com\\\/index.php\\\/productos\\\/\"},{\"@type\":\"ListItem\",\"position\":3,\"name\":\"Jaulas de Faraday Modulares\"}]},{\"@type\":\"WebSite\",\"@id\":\"https:\\\/\\\/www.iblimed.com\\\/#website\",\"url\":\"https:\\\/\\\/www.iblimed.com\\\/\",\"name\":\"IBLIMED\",\"description\":\"Instalaciones y blindajes medicos\",\"publisher\":{\"@id\":\"https:\\\/\\\/www.iblimed.com\\\/#organization\"},\"potentialAction\":[{\"@type\":\"SearchAction\",\"target\":{\"@type\":\"EntryPoint\",\"urlTemplate\":\"https:\\\/\\\/www.iblimed.com\\\/?s={search_term_string}\"},\"query-input\":{\"@type\":\"PropertyValueSpecification\",\"valueRequired\":true,\"valueName\":\"search_term_string\"}}],\"inLanguage\":\"es\"},{\"@type\":\"Organization\",\"@id\":\"https:\\\/\\\/www.iblimed.com\\\/#organization\",\"name\":\"IBLIMED\",\"url\":\"https:\\\/\\\/www.iblimed.com\\\/\",\"logo\":{\"@type\":\"ImageObject\",\"inLanguage\":\"es\",\"@id\":\"https:\\\/\\\/www.iblimed.com\\\/#\\\/schema\\\/logo\\\/image\\\/\",\"url\":\"https:\\\/\\\/www.iblimed.com\\\/wp-content\\\/uploads\\\/2025\\\/09\\\/IBLI-06.png\",\"contentUrl\":\"https:\\\/\\\/www.iblimed.com\\\/wp-content\\\/uploads\\\/2025\\\/09\\\/IBLI-06.png\",\"width\":392,\"height\":109,\"caption\":\"IBLIMED\"},\"image\":{\"@id\":\"https:\\\/\\\/www.iblimed.com\\\/#\\\/schema\\\/logo\\\/image\\\/\"},\"sameAs\":[\"https:\\\/\\\/www.linkedin.com\\\/company\\\/iblimed\\\/\"]}]}<\/script>\n<!-- \/ Yoast SEO plugin. -->","yoast_head_json":{"title":"Jaulas de Faraday Modulares - IBLIMED","robots":{"index":"index","follow":"follow","max-snippet":"max-snippet:-1","max-image-preview":"max-image-preview:large","max-video-preview":"max-video-preview:-1"},"canonical":"https:\/\/www.iblimed.com\/index.php\/productos\/jaulas-de-faraday-modulares\/","og_locale":"es_ES","og_type":"article","og_title":"Jaulas de Faraday Modulares - IBLIMED","og_url":"https:\/\/www.iblimed.com\/index.php\/productos\/jaulas-de-faraday-modulares\/","og_site_name":"IBLIMED","article_modified_time":"2026-01-28T20:34:54+00:00","og_image":[{"width":600,"height":600,"url":"https:\/\/www.iblimed.com\/wp-content\/uploads\/2025\/08\/IMG_6695-Large.jpeg","type":"image\/jpeg"}],"twitter_card":"summary_large_image","schema":{"@context":"https:\/\/schema.org","@graph":[{"@type":"WebPage","@id":"https:\/\/www.iblimed.com\/index.php\/productos\/jaulas-de-faraday-modulares\/","url":"https:\/\/www.iblimed.com\/index.php\/productos\/jaulas-de-faraday-modulares\/","name":"Jaulas de Faraday Modulares - IBLIMED","isPartOf":{"@id":"https:\/\/www.iblimed.com\/#website"},"primaryImageOfPage":{"@id":"https:\/\/www.iblimed.com\/index.php\/productos\/jaulas-de-faraday-modulares\/#primaryimage"},"image":{"@id":"https:\/\/www.iblimed.com\/index.php\/productos\/jaulas-de-faraday-modulares\/#primaryimage"},"thumbnailUrl":"https:\/\/www.iblimed.com\/wp-content\/uploads\/2025\/08\/IMG_6695-Large.jpeg","datePublished":"2025-09-17T06:15:05+00:00","dateModified":"2026-01-28T20:34:54+00:00","breadcrumb":{"@id":"https:\/\/www.iblimed.com\/index.php\/productos\/jaulas-de-faraday-modulares\/#breadcrumb"},"inLanguage":"es","potentialAction":[{"@type":"ReadAction","target":["https:\/\/www.iblimed.com\/index.php\/productos\/jaulas-de-faraday-modulares\/"]}]},{"@type":"ImageObject","inLanguage":"es","@id":"https:\/\/www.iblimed.com\/index.php\/productos\/jaulas-de-faraday-modulares\/#primaryimage","url":"https:\/\/www.iblimed.com\/wp-content\/uploads\/2025\/08\/IMG_6695-Large.jpeg","contentUrl":"https:\/\/www.iblimed.com\/wp-content\/uploads\/2025\/08\/IMG_6695-Large.jpeg","width":600,"height":600},{"@type":"BreadcrumbList","@id":"https:\/\/www.iblimed.com\/index.php\/productos\/jaulas-de-faraday-modulares\/#breadcrumb","itemListElement":[{"@type":"ListItem","position":1,"name":"Home","item":"https:\/\/www.iblimed.com\/"},{"@type":"ListItem","position":2,"name":"Productos","item":"https:\/\/www.iblimed.com\/index.php\/productos\/"},{"@type":"ListItem","position":3,"name":"Jaulas de Faraday Modulares"}]},{"@type":"WebSite","@id":"https:\/\/www.iblimed.com\/#website","url":"https:\/\/www.iblimed.com\/","name":"IBLIMED","description":"Instalaciones y blindajes medicos","publisher":{"@id":"https:\/\/www.iblimed.com\/#organization"},"potentialAction":[{"@type":"SearchAction","target":{"@type":"EntryPoint","urlTemplate":"https:\/\/www.iblimed.com\/?s={search_term_string}"},"query-input":{"@type":"PropertyValueSpecification","valueRequired":true,"valueName":"search_term_string"}}],"inLanguage":"es"},{"@type":"Organization","@id":"https:\/\/www.iblimed.com\/#organization","name":"IBLIMED","url":"https:\/\/www.iblimed.com\/","logo":{"@type":"ImageObject","inLanguage":"es","@id":"https:\/\/www.iblimed.com\/#\/schema\/logo\/image\/","url":"https:\/\/www.iblimed.com\/wp-content\/uploads\/2025\/09\/IBLI-06.png","contentUrl":"https:\/\/www.iblimed.com\/wp-content\/uploads\/2025\/09\/IBLI-06.png","width":392,"height":109,"caption":"IBLIMED"},"image":{"@id":"https:\/\/www.iblimed.com\/#\/schema\/logo\/image\/"},"sameAs":["https:\/\/www.linkedin.com\/company\/iblimed\/"]}]}},"_links":{"self":[{"href":"https:\/\/www.iblimed.com\/index.php\/wp-json\/wp\/v2\/pages\/71","targetHints":{"allow":["GET"]}}],"collection":[{"href":"https:\/\/www.iblimed.com\/index.php\/wp-json\/wp\/v2\/pages"}],"about":[{"href":"https:\/\/www.iblimed.com\/index.php\/wp-json\/wp\/v2\/types\/page"}],"author":[{"embeddable":true,"href":"https:\/\/www.iblimed.com\/index.php\/wp-json\/wp\/v2\/users\/1"}],"replies":[{"embeddable":true,"href":"https:\/\/www.iblimed.com\/index.php\/wp-json\/wp\/v2\/comments?post=71"}],"version-history":[{"count":15,"href":"https:\/\/www.iblimed.com\/index.php\/wp-json\/wp\/v2\/pages\/71\/revisions"}],"predecessor-version":[{"id":719,"href":"https:\/\/www.iblimed.com\/index.php\/wp-json\/wp\/v2\/pages\/71\/revisions\/719"}],"up":[{"embeddable":true,"href":"https:\/\/www.iblimed.com\/index.php\/wp-json\/wp\/v2\/pages\/69"}],"wp:attachment":[{"href":"https:\/\/www.iblimed.com\/index.php\/wp-json\/wp\/v2\/media?parent=71"}],"curies":[{"name":"wp","href":"https:\/\/api.w.org\/{rel}","templated":true}]}}