{"id":705,"date":"2025-11-21T10:23:13","date_gmt":"2025-11-21T09:23:13","guid":{"rendered":"https:\/\/www.iblimed.com\/?page_id=705"},"modified":"2025-11-21T15:06:39","modified_gmt":"2025-11-21T14:06:39","slug":"soluciones-ambientales","status":"publish","type":"page","link":"https:\/\/www.iblimed.com\/index.php\/productos\/soluciones-ambientales\/","title":{"rendered":"Soluciones Ambientales"},"content":{"rendered":"\n<div class=\"wp-block-cover alignwide is-light\" style=\"min-height:482px;aspect-ratio:unset;\"><img loading=\"lazy\" decoding=\"async\" width=\"2560\" height=\"1707\" class=\"wp-block-cover__image-background wp-image-730 size-full\" alt=\"\" src=\"https:\/\/www.iblimed.com\/wp-content\/uploads\/AdobeStock_453940939-1-scaled.jpeg\" data-object-fit=\"cover\" srcset=\"https:\/\/www.iblimed.com\/wp-content\/uploads\/AdobeStock_453940939-1-scaled.jpeg 2560w, https:\/\/www.iblimed.com\/wp-content\/uploads\/AdobeStock_453940939-1-300x200.jpeg 300w, https:\/\/www.iblimed.com\/wp-content\/uploads\/AdobeStock_453940939-1-1024x683.jpeg 1024w, https:\/\/www.iblimed.com\/wp-content\/uploads\/AdobeStock_453940939-1-768x512.jpeg 768w, https:\/\/www.iblimed.com\/wp-content\/uploads\/AdobeStock_453940939-1-1536x1024.jpeg 1536w, https:\/\/www.iblimed.com\/wp-content\/uploads\/AdobeStock_453940939-1-2048x1365.jpeg 2048w, https:\/\/www.iblimed.com\/wp-content\/uploads\/AdobeStock_453940939-1-930x620.jpeg 930w\" sizes=\"auto, (max-width: 2560px) 100vw, 2560px\" \/><span aria-hidden=\"true\" class=\"wp-block-cover__background has-nv-site-bg-background-color has-background-dim-0 has-background-dim\"><\/span><div class=\"wp-block-cover__inner-container is-layout-flow wp-block-cover-is-layout-flow\">\n<p class=\"has-text-align-center has-large-font-size\"><\/p>\n<\/div><\/div>\n\n\n\n<div style=\"height:34px\" aria-hidden=\"true\" class=\"wp-block-spacer\"><\/div>\n\n\n\n<h2 class=\"wp-block-heading\">Sistemas de humanizaci\u00f3n hospitalaria<\/h2>\n\n\n\n<div style=\"height:25px\" aria-hidden=\"true\" class=\"wp-block-spacer\"><\/div>\n\n\n\n<p>IBLIMED ofrece una soluci\u00f3n personalizable y de alta gama para optimizar su instalaci\u00f3n de resonancia magn\u00e9tica. Mediante el uso de luz, v\u00eddeo y sonido, crea una experiencia inmersiva que transforma su configuraci\u00f3n est\u00e1ndar y reduce la ansiedad del paciente. Esto aumenta la eficiencia y reduce la necesidad de repetir las pruebas. Cada instalaci\u00f3n se puede configurar seg\u00fan el presupuesto y los requisitos del cliente, ya que la soluci\u00f3n es modular y altamente personalizable.<\/p>\n\n\n\n<div style=\"height:25px\" aria-hidden=\"true\" class=\"wp-block-spacer\"><\/div>\n\n\n\n<h6 class=\"wp-block-heading has-neve-link-color-color has-text-color has-link-color has-medium-font-size wp-elements-2474f4b9e38d57a4c4a422f251dfd9a5\">OFRECEMOS TRES TIPOS DE OPCIONES ADAPTABLES A CADA CLIENTE<\/h6>\n\n\n\n<div id=\"wp-block-themeisle-blocks-advanced-columns-d00163eb\" class=\"wp-block-themeisle-blocks-advanced-columns has-3-columns has-desktop-oneTwoOne-layout has-tablet-equal-layout has-mobile-collapsedRows-layout has-vertical-unset\"><div class=\"wp-block-themeisle-blocks-advanced-columns-overlay\"><\/div><div class=\"innerblocks-wrap\">\n<div id=\"wp-block-themeisle-blocks-advanced-column-906d5caf\" class=\"wp-block-themeisle-blocks-advanced-column\">\n<figure class=\"wp-block-image size-full is-resized\"><img decoding=\"async\" src=\"https:\/\/www.iblimed.com\/wp-content\/uploads\/lightbulb-ab57b6.svg\" alt=\"\" class=\"wp-image-751\" style=\"width:200px\"\/><\/figure>\n\n\n\n<div style=\"height:27px\" aria-hidden=\"true\" class=\"wp-block-spacer\"><\/div>\n\n\n\n<h3 class=\"wp-block-heading\">Iluminaci\u00f3n Ambiental<\/h3>\n\n\n\n<div style=\"height:25px\" aria-hidden=\"true\" class=\"wp-block-spacer\"><\/div>\n\n\n\n<p>Nuestros sistemas de iluminaci\u00f3n ambiental para las salas de resonancia magn\u00e9tica nos permiten crear una situaci\u00f3n \u00f3ptima tanto para pacientes como para el personal m\u00e9dico.<br>Las opciones de atenuaci\u00f3n personalizables permiten crear un ambiente tranquilo para los  pacientes, reduciendo los niveles de ansiedad y<br>estr\u00e9s durante las exploraciones de resonancia magn\u00e9tica.<\/p>\n\n\n\n<div style=\"height:25px\" aria-hidden=\"true\" class=\"wp-block-spacer\"><\/div>\n<\/div>\n\n\n\n<div id=\"wp-block-themeisle-blocks-advanced-column-95d6e748\" class=\"wp-block-themeisle-blocks-advanced-column\">\n<figure class=\"wp-block-image size-full is-resized\"><img decoding=\"async\" src=\"https:\/\/www.iblimed.com\/wp-content\/uploads\/Beamer-c999d5.svg\" alt=\"\" class=\"wp-image-752\" style=\"width:200px\"\/><\/figure>\n\n\n\n<div style=\"height:15px\" aria-hidden=\"true\" class=\"wp-block-spacer\"><\/div>\n\n\n\n<h3 class=\"wp-block-heading\">Sistema de Proyecci\u00f3n<\/h3>\n\n\n\n<div style=\"height:25px\" aria-hidden=\"true\" class=\"wp-block-spacer\"><\/div>\n\n\n\n<p>El sistema de proyecci\u00f3n es nuestra opci\u00f3n m\u00e1s completa para el confort del paciente. Este sistema incluye proyecci\u00f3n de videos relajantes sobre las diferentes superficies de la sala de resonancia. Este sistema de proyecci\u00f3n esta especialmente dise\u00f1ado para esta funci\u00f3n, evitando que el video se reproduzca en \u00e1reas no deseadas, como adentro del t\u00fanel del resonador.<br>Cuenta tambi\u00e9n con un sistema de iluminaci\u00f3n LED RGB que se adapta autom\u00e1ticamente a la gama crom\u00e1tica del video que se esta reproduciendo.<br>Para mayor confort del paciente, cuenta con un sistema de sonido y un monitor LED compatible con el resonador, para que puedan reproducirse im\u00e1genes calmantes durante la resonancia.<\/p>\n\n\n\n<div style=\"height:25px\" aria-hidden=\"true\" class=\"wp-block-spacer\"><\/div>\n<\/div>\n\n\n\n<div id=\"wp-block-themeisle-blocks-advanced-column-24cb175c\" class=\"wp-block-themeisle-blocks-advanced-column\">\n<figure class=\"wp-block-image size-full is-resized\"><img loading=\"lazy\" decoding=\"async\" width=\"1926\" height=\"1655\" src=\"https:\/\/www.iblimed.com\/wp-content\/uploads\/window.png\" alt=\"\" class=\"wp-image-754\" style=\"width:200px\" srcset=\"https:\/\/www.iblimed.com\/wp-content\/uploads\/window.png 1926w, https:\/\/www.iblimed.com\/wp-content\/uploads\/window-300x258.png 300w, https:\/\/www.iblimed.com\/wp-content\/uploads\/window-1024x880.png 1024w, https:\/\/www.iblimed.com\/wp-content\/uploads\/window-768x660.png 768w, https:\/\/www.iblimed.com\/wp-content\/uploads\/window-1536x1320.png 1536w\" sizes=\"auto, (max-width: 1926px) 100vw, 1926px\" \/><\/figure>\n\n\n\n<div style=\"height:15px\" aria-hidden=\"true\" class=\"wp-block-spacer\"><\/div>\n\n\n\n<h3 class=\"wp-block-heading\">Ventana Virtual<\/h3>\n\n\n\n<div style=\"height:25px\" aria-hidden=\"true\" class=\"wp-block-spacer\"><\/div>\n\n\n\n<p>Ofrecemos una soluci\u00f3n de ventana virtual que se puede instalar en paredes o techos. Este tipo de ventanas, cuentan con una imagen a seleccionar por el cliente de nuestra amplia<br>oferta, y mediante un sistema de retroalimentaci\u00f3n LED, da la sensaci\u00f3n de estar frente a una ventana real, haciendo la experiencia en la sala m\u00e1s acogedora.<\/p>\n\n\n\n<div style=\"height:25px\" aria-hidden=\"true\" class=\"wp-block-spacer\"><\/div>\n<\/div>\n<\/div><\/div>\n\n\n\n<div style=\"height:25px\" aria-hidden=\"true\" class=\"wp-block-spacer\"><\/div>\n\n\n\n<div id=\"wp-block-themeisle-blocks-advanced-columns-f1f4116e\" class=\"wp-block-themeisle-blocks-advanced-columns alignwide has-1-columns has-desktop-equal-layout has-tablet-equal-layout has-mobile-equal-layout has-vertical-center\"><div class=\"wp-block-themeisle-blocks-advanced-columns-overlay\"><\/div><div class=\"innerblocks-wrap\">\n<div id=\"wp-block-themeisle-blocks-advanced-column-b166602f\" class=\"wp-block-themeisle-blocks-advanced-column\">\n<figure class=\"wp-block-image alignwide size-large\"><img loading=\"lazy\" decoding=\"async\" width=\"1024\" height=\"273\" src=\"https:\/\/www.iblimed.com\/wp-content\/uploads\/IbliArtboard-1-1024x273.png\" alt=\"\" class=\"wp-image-750\" srcset=\"https:\/\/www.iblimed.com\/wp-content\/uploads\/IbliArtboard-1-1024x273.png 1024w, https:\/\/www.iblimed.com\/wp-content\/uploads\/IbliArtboard-1-300x80.png 300w, https:\/\/www.iblimed.com\/wp-content\/uploads\/IbliArtboard-1-768x205.png 768w, https:\/\/www.iblimed.com\/wp-content\/uploads\/IbliArtboard-1.png 1366w\" sizes=\"auto, (max-width: 1024px) 100vw, 1024px\" \/><\/figure>\n<\/div>\n<\/div><\/div>\n\n\n\n<div style=\"height:64px\" aria-hidden=\"true\" class=\"wp-block-spacer\"><\/div>\n\n\n\n<h2 class=\"wp-block-heading has-text-align-center\">Cont\u00e1ctanos para conocer todo sobre estas maravillosas tecnolog\u00edas.<\/h2>\n\n\n\n<div style=\"height:42px\" aria-hidden=\"true\" class=\"wp-block-spacer\"><\/div>\n\n\n\n<div class=\"wp-block-buttons is-content-justification-center is-layout-flex wp-container-core-buttons-is-layout-16018d1d wp-block-buttons-is-layout-flex\">\n<div class=\"wp-block-button is-style-primary\"><a class=\"wp-block-button__link has-text-align-center wp-element-button\" href=\"https:\/\/www.iblimed.com\/index.php\/contactenos\/\">P\u00d3NGASE EN CONTACTO!<\/a><\/div>\n<\/div>\n\n\n\n<div style=\"height:64px\" aria-hidden=\"true\" class=\"wp-block-spacer\"><\/div>\n\n\n\n<figure class=\"wp-block-image alignwide size-large\"><img loading=\"lazy\" decoding=\"async\" width=\"1024\" height=\"273\" src=\"https:\/\/www.iblimed.com\/wp-content\/uploads\/Ibli2Artboard-1-1024x273.png\" alt=\"\" class=\"wp-image-749\" srcset=\"https:\/\/www.iblimed.com\/wp-content\/uploads\/Ibli2Artboard-1-1024x273.png 1024w, https:\/\/www.iblimed.com\/wp-content\/uploads\/Ibli2Artboard-1-300x80.png 300w, https:\/\/www.iblimed.com\/wp-content\/uploads\/Ibli2Artboard-1-768x205.png 768w, https:\/\/www.iblimed.com\/wp-content\/uploads\/Ibli2Artboard-1.png 1366w\" sizes=\"auto, (max-width: 1024px) 100vw, 1024px\" \/><\/figure>\n","protected":false},"excerpt":{"rendered":"<p>Sistemas de humanizaci\u00f3n hospitalaria IBLIMED ofrece una soluci\u00f3n personalizable y de alta gama para optimizar su instalaci\u00f3n de resonancia magn\u00e9tica. Mediante el uso de luz, v\u00eddeo y sonido, crea una experiencia inmersiva que transforma su configuraci\u00f3n est\u00e1ndar y reduce la ansiedad del paciente. Esto aumenta la eficiencia y reduce la necesidad de repetir las pruebas.&hellip;&nbsp;<\/p>\n","protected":false},"author":1,"featured_media":0,"parent":69,"menu_order":0,"comment_status":"closed","ping_status":"closed","template":"","meta":{"neve_meta_sidebar":"full-width","neve_meta_container":"","neve_meta_enable_content_width":"on","neve_meta_content_width":100,"neve_meta_title_alignment":"left","neve_meta_author_avatar":"","neve_post_elements_order":"","neve_meta_disable_header":"","neve_meta_disable_footer":"","neve_meta_disable_title":"on","_themeisle_gutenberg_block_has_review":false,"footnotes":""},"class_list":["post-705","page","type-page","status-publish","hentry"],"yoast_head":"<!-- This site is optimized with the Yoast SEO plugin v27.4 - https:\/\/yoast.com\/product\/yoast-seo-wordpress\/ -->\n<title>Soluciones Ambientales - IBLIMED<\/title>\n<meta name=\"robots\" content=\"index, follow, max-snippet:-1, max-image-preview:large, max-video-preview:-1\" \/>\n<link rel=\"canonical\" href=\"https:\/\/www.iblimed.com\/index.php\/productos\/soluciones-ambientales\/\" \/>\n<meta property=\"og:locale\" content=\"es_ES\" \/>\n<meta property=\"og:type\" content=\"article\" \/>\n<meta property=\"og:title\" content=\"Soluciones Ambientales - IBLIMED\" \/>\n<meta property=\"og:description\" content=\"Sistemas de humanizaci\u00f3n hospitalaria IBLIMED ofrece una soluci\u00f3n personalizable y de alta gama para optimizar su instalaci\u00f3n de resonancia magn\u00e9tica. Mediante el uso de luz, v\u00eddeo y sonido, crea una experiencia inmersiva que transforma su configuraci\u00f3n est\u00e1ndar y reduce la ansiedad del paciente. Esto aumenta la eficiencia y reduce la necesidad de repetir las pruebas.&hellip;&nbsp;\" \/>\n<meta property=\"og:url\" content=\"https:\/\/www.iblimed.com\/index.php\/productos\/soluciones-ambientales\/\" \/>\n<meta property=\"og:site_name\" content=\"IBLIMED\" \/>\n<meta property=\"article:modified_time\" content=\"2025-11-21T14:06:39+00:00\" \/>\n<meta property=\"og:image\" content=\"https:\/\/www.iblimed.com\/wp-content\/uploads\/AdobeStock_453940939-1-scaled.jpeg\" \/>\n\t<meta property=\"og:image:width\" content=\"2560\" \/>\n\t<meta property=\"og:image:height\" content=\"1707\" \/>\n\t<meta property=\"og:image:type\" content=\"image\/jpeg\" \/>\n<meta name=\"twitter:card\" content=\"summary_large_image\" \/>\n<meta name=\"twitter:label1\" content=\"Tiempo de lectura\" \/>\n\t<meta name=\"twitter:data1\" content=\"2 minutos\" \/>\n<script type=\"application\/ld+json\" class=\"yoast-schema-graph\">{\"@context\":\"https:\\\/\\\/schema.org\",\"@graph\":[{\"@type\":\"WebPage\",\"@id\":\"https:\\\/\\\/www.iblimed.com\\\/index.php\\\/productos\\\/soluciones-ambientales\\\/\",\"url\":\"https:\\\/\\\/www.iblimed.com\\\/index.php\\\/productos\\\/soluciones-ambientales\\\/\",\"name\":\"Soluciones Ambientales - IBLIMED\",\"isPartOf\":{\"@id\":\"https:\\\/\\\/www.iblimed.com\\\/#website\"},\"primaryImageOfPage\":{\"@id\":\"https:\\\/\\\/www.iblimed.com\\\/index.php\\\/productos\\\/soluciones-ambientales\\\/#primaryimage\"},\"image\":{\"@id\":\"https:\\\/\\\/www.iblimed.com\\\/index.php\\\/productos\\\/soluciones-ambientales\\\/#primaryimage\"},\"thumbnailUrl\":\"https:\\\/\\\/www.iblimed.com\\\/wp-content\\\/uploads\\\/AdobeStock_453940939-1-scaled.jpeg\",\"datePublished\":\"2025-11-21T09:23:13+00:00\",\"dateModified\":\"2025-11-21T14:06:39+00:00\",\"breadcrumb\":{\"@id\":\"https:\\\/\\\/www.iblimed.com\\\/index.php\\\/productos\\\/soluciones-ambientales\\\/#breadcrumb\"},\"inLanguage\":\"es\",\"potentialAction\":[{\"@type\":\"ReadAction\",\"target\":[\"https:\\\/\\\/www.iblimed.com\\\/index.php\\\/productos\\\/soluciones-ambientales\\\/\"]}]},{\"@type\":\"ImageObject\",\"inLanguage\":\"es\",\"@id\":\"https:\\\/\\\/www.iblimed.com\\\/index.php\\\/productos\\\/soluciones-ambientales\\\/#primaryimage\",\"url\":\"https:\\\/\\\/www.iblimed.com\\\/wp-content\\\/uploads\\\/AdobeStock_453940939-1-scaled.jpeg\",\"contentUrl\":\"https:\\\/\\\/www.iblimed.com\\\/wp-content\\\/uploads\\\/AdobeStock_453940939-1-scaled.jpeg\",\"width\":2560,\"height\":1707,\"caption\":\"Young doctor in uniform pressing start button of mri scan machine with patient lying on long table\"},{\"@type\":\"BreadcrumbList\",\"@id\":\"https:\\\/\\\/www.iblimed.com\\\/index.php\\\/productos\\\/soluciones-ambientales\\\/#breadcrumb\",\"itemListElement\":[{\"@type\":\"ListItem\",\"position\":1,\"name\":\"Home\",\"item\":\"https:\\\/\\\/www.iblimed.com\\\/\"},{\"@type\":\"ListItem\",\"position\":2,\"name\":\"Productos\",\"item\":\"https:\\\/\\\/www.iblimed.com\\\/index.php\\\/productos\\\/\"},{\"@type\":\"ListItem\",\"position\":3,\"name\":\"Soluciones Ambientales\"}]},{\"@type\":\"WebSite\",\"@id\":\"https:\\\/\\\/www.iblimed.com\\\/#website\",\"url\":\"https:\\\/\\\/www.iblimed.com\\\/\",\"name\":\"IBLIMED\",\"description\":\"Instalaciones y blindajes medicos\",\"publisher\":{\"@id\":\"https:\\\/\\\/www.iblimed.com\\\/#organization\"},\"potentialAction\":[{\"@type\":\"SearchAction\",\"target\":{\"@type\":\"EntryPoint\",\"urlTemplate\":\"https:\\\/\\\/www.iblimed.com\\\/?s={search_term_string}\"},\"query-input\":{\"@type\":\"PropertyValueSpecification\",\"valueRequired\":true,\"valueName\":\"search_term_string\"}}],\"inLanguage\":\"es\"},{\"@type\":\"Organization\",\"@id\":\"https:\\\/\\\/www.iblimed.com\\\/#organization\",\"name\":\"IBLIMED\",\"url\":\"https:\\\/\\\/www.iblimed.com\\\/\",\"logo\":{\"@type\":\"ImageObject\",\"inLanguage\":\"es\",\"@id\":\"https:\\\/\\\/www.iblimed.com\\\/#\\\/schema\\\/logo\\\/image\\\/\",\"url\":\"https:\\\/\\\/www.iblimed.com\\\/wp-content\\\/uploads\\\/2025\\\/09\\\/IBLI-06.png\",\"contentUrl\":\"https:\\\/\\\/www.iblimed.com\\\/wp-content\\\/uploads\\\/2025\\\/09\\\/IBLI-06.png\",\"width\":392,\"height\":109,\"caption\":\"IBLIMED\"},\"image\":{\"@id\":\"https:\\\/\\\/www.iblimed.com\\\/#\\\/schema\\\/logo\\\/image\\\/\"},\"sameAs\":[\"https:\\\/\\\/www.linkedin.com\\\/company\\\/iblimed\\\/\"]}]}<\/script>\n<!-- \/ Yoast SEO plugin. -->","yoast_head_json":{"title":"Soluciones Ambientales - IBLIMED","robots":{"index":"index","follow":"follow","max-snippet":"max-snippet:-1","max-image-preview":"max-image-preview:large","max-video-preview":"max-video-preview:-1"},"canonical":"https:\/\/www.iblimed.com\/index.php\/productos\/soluciones-ambientales\/","og_locale":"es_ES","og_type":"article","og_title":"Soluciones Ambientales - IBLIMED","og_description":"Sistemas de humanizaci\u00f3n hospitalaria IBLIMED ofrece una soluci\u00f3n personalizable y de alta gama para optimizar su instalaci\u00f3n de resonancia magn\u00e9tica. Mediante el uso de luz, v\u00eddeo y sonido, crea una experiencia inmersiva que transforma su configuraci\u00f3n est\u00e1ndar y reduce la ansiedad del paciente. Esto aumenta la eficiencia y reduce la necesidad de repetir las pruebas.&hellip;&nbsp;","og_url":"https:\/\/www.iblimed.com\/index.php\/productos\/soluciones-ambientales\/","og_site_name":"IBLIMED","article_modified_time":"2025-11-21T14:06:39+00:00","og_image":[{"width":2560,"height":1707,"url":"https:\/\/www.iblimed.com\/wp-content\/uploads\/AdobeStock_453940939-1-scaled.jpeg","type":"image\/jpeg"}],"twitter_card":"summary_large_image","twitter_misc":{"Tiempo de lectura":"2 minutos"},"schema":{"@context":"https:\/\/schema.org","@graph":[{"@type":"WebPage","@id":"https:\/\/www.iblimed.com\/index.php\/productos\/soluciones-ambientales\/","url":"https:\/\/www.iblimed.com\/index.php\/productos\/soluciones-ambientales\/","name":"Soluciones Ambientales - IBLIMED","isPartOf":{"@id":"https:\/\/www.iblimed.com\/#website"},"primaryImageOfPage":{"@id":"https:\/\/www.iblimed.com\/index.php\/productos\/soluciones-ambientales\/#primaryimage"},"image":{"@id":"https:\/\/www.iblimed.com\/index.php\/productos\/soluciones-ambientales\/#primaryimage"},"thumbnailUrl":"https:\/\/www.iblimed.com\/wp-content\/uploads\/AdobeStock_453940939-1-scaled.jpeg","datePublished":"2025-11-21T09:23:13+00:00","dateModified":"2025-11-21T14:06:39+00:00","breadcrumb":{"@id":"https:\/\/www.iblimed.com\/index.php\/productos\/soluciones-ambientales\/#breadcrumb"},"inLanguage":"es","potentialAction":[{"@type":"ReadAction","target":["https:\/\/www.iblimed.com\/index.php\/productos\/soluciones-ambientales\/"]}]},{"@type":"ImageObject","inLanguage":"es","@id":"https:\/\/www.iblimed.com\/index.php\/productos\/soluciones-ambientales\/#primaryimage","url":"https:\/\/www.iblimed.com\/wp-content\/uploads\/AdobeStock_453940939-1-scaled.jpeg","contentUrl":"https:\/\/www.iblimed.com\/wp-content\/uploads\/AdobeStock_453940939-1-scaled.jpeg","width":2560,"height":1707,"caption":"Young doctor in uniform pressing start button of mri scan machine with patient lying on long table"},{"@type":"BreadcrumbList","@id":"https:\/\/www.iblimed.com\/index.php\/productos\/soluciones-ambientales\/#breadcrumb","itemListElement":[{"@type":"ListItem","position":1,"name":"Home","item":"https:\/\/www.iblimed.com\/"},{"@type":"ListItem","position":2,"name":"Productos","item":"https:\/\/www.iblimed.com\/index.php\/productos\/"},{"@type":"ListItem","position":3,"name":"Soluciones Ambientales"}]},{"@type":"WebSite","@id":"https:\/\/www.iblimed.com\/#website","url":"https:\/\/www.iblimed.com\/","name":"IBLIMED","description":"Instalaciones y blindajes medicos","publisher":{"@id":"https:\/\/www.iblimed.com\/#organization"},"potentialAction":[{"@type":"SearchAction","target":{"@type":"EntryPoint","urlTemplate":"https:\/\/www.iblimed.com\/?s={search_term_string}"},"query-input":{"@type":"PropertyValueSpecification","valueRequired":true,"valueName":"search_term_string"}}],"inLanguage":"es"},{"@type":"Organization","@id":"https:\/\/www.iblimed.com\/#organization","name":"IBLIMED","url":"https:\/\/www.iblimed.com\/","logo":{"@type":"ImageObject","inLanguage":"es","@id":"https:\/\/www.iblimed.com\/#\/schema\/logo\/image\/","url":"https:\/\/www.iblimed.com\/wp-content\/uploads\/2025\/09\/IBLI-06.png","contentUrl":"https:\/\/www.iblimed.com\/wp-content\/uploads\/2025\/09\/IBLI-06.png","width":392,"height":109,"caption":"IBLIMED"},"image":{"@id":"https:\/\/www.iblimed.com\/#\/schema\/logo\/image\/"},"sameAs":["https:\/\/www.linkedin.com\/company\/iblimed\/"]}]}},"_links":{"self":[{"href":"https:\/\/www.iblimed.com\/index.php\/wp-json\/wp\/v2\/pages\/705","targetHints":{"allow":["GET"]}}],"collection":[{"href":"https:\/\/www.iblimed.com\/index.php\/wp-json\/wp\/v2\/pages"}],"about":[{"href":"https:\/\/www.iblimed.com\/index.php\/wp-json\/wp\/v2\/types\/page"}],"author":[{"embeddable":true,"href":"https:\/\/www.iblimed.com\/index.php\/wp-json\/wp\/v2\/users\/1"}],"replies":[{"embeddable":true,"href":"https:\/\/www.iblimed.com\/index.php\/wp-json\/wp\/v2\/comments?post=705"}],"version-history":[{"count":35,"href":"https:\/\/www.iblimed.com\/index.php\/wp-json\/wp\/v2\/pages\/705\/revisions"}],"predecessor-version":[{"id":772,"href":"https:\/\/www.iblimed.com\/index.php\/wp-json\/wp\/v2\/pages\/705\/revisions\/772"}],"up":[{"embeddable":true,"href":"https:\/\/www.iblimed.com\/index.php\/wp-json\/wp\/v2\/pages\/69"}],"wp:attachment":[{"href":"https:\/\/www.iblimed.com\/index.php\/wp-json\/wp\/v2\/media?parent=705"}],"curies":[{"name":"wp","href":"https:\/\/api.w.org\/{rel}","templated":true}]}}