{"id":69,"date":"2025-01-27T08:05:29","date_gmt":"2025-01-27T07:05:29","guid":{"rendered":"https:\/\/demosites.io\/web-agency-gb\/?page_id=69"},"modified":"2026-01-28T21:33:40","modified_gmt":"2026-01-28T20:33:40","slug":"productos","status":"publish","type":"page","link":"https:\/\/www.iblimed.com\/index.php\/productos\/","title":{"rendered":"Productos"},"content":{"rendered":"\n<div class=\"wp-block-cover\" style=\"min-height:300px;aspect-ratio:unset;\"><span aria-hidden=\"true\" class=\"wp-block-cover__background has-nv-site-bg-background-color has-background-dim-100 has-background-dim\"><\/span><div class=\"wp-block-cover__inner-container is-layout-flow wp-block-cover-is-layout-flow\">\n<div class=\"wp-block-group\"><div class=\"wp-block-group__inner-container is-layout-flow wp-block-group-is-layout-flow\">\n<h1 class=\"wp-block-heading has-text-align-center has-text-align-left has-neve-text-color-color has-text-color\">Productos<\/h1>\n<\/div><\/div>\n<\/div><\/div>\n\n\n\n<div id=\"wp-block-themeisle-blocks-advanced-columns-6060ad37\" class=\"wp-block-themeisle-blocks-advanced-columns alignfull has-1-columns has-desktop-equal-layout has-tablet-equal-layout has-mobile-equal-layout has-vertical-unset has-light-bg\"><div class=\"wp-block-themeisle-blocks-advanced-columns-overlay\"><\/div><div class=\"innerblocks-wrap\">\n<div id=\"wp-block-themeisle-blocks-advanced-column-e9443913\" class=\"wp-block-themeisle-blocks-advanced-column\">\n<h6 class=\"wp-block-heading has-neve-link-color-color has-text-color has-medium-font-size\">\u00bfNECESITA UN BLINDAJE EM DE PRIMERA CATEGOR\u00cdA?<\/h6>\n\n\n\n<p class=\"has-neve-text-color-color has-text-color has-link-color wp-elements-9d5a25a0b16bc0ff2a4bae475be8a29a\">Nuestras soluciones de jaulas de Faraday est\u00e1n dise\u00f1adas para ofrecer la m\u00e1xima durabilidad y precisi\u00f3n, con dise\u00f1os totalmente personalizables para aplicaci\u00f3n m\u00e9dicas de Resonancia Magn\u00e9tica y mucho m\u00e1s. Fabricadas con materiales de primera calidad y rigurosamente probados, cada jaula ofrece un rendimiento sin concesiones, garantizando que cada cliente reciba la protecci\u00f3n fiable que espera.<\/p>\n<\/div>\n<\/div><\/div>\n\n\n\n<div class=\"wp-block-cover alignfull\" style=\"min-height:600px;aspect-ratio:unset;\"><span aria-hidden=\"true\" class=\"wp-block-cover__background has-nv-site-bg-background-color has-background-dim-100 has-background-dim\"><\/span><div class=\"wp-block-cover__inner-container is-layout-flow wp-block-cover-is-layout-flow\">\n<div class=\"wp-block-group\"><div class=\"wp-block-group__inner-container is-layout-flow wp-block-group-is-layout-flow\">\n<div style=\"height:80px\" aria-hidden=\"true\" class=\"wp-block-spacer\"><\/div>\n\n\n\n<div class=\"wp-block-columns is-layout-flex wp-container-core-columns-is-layout-9d6595d7 wp-block-columns-is-layout-flex\">\n<div class=\"wp-block-column is-vertically-aligned-top is-layout-flow wp-block-column-is-layout-flow\" style=\"flex-basis:50%\"><div class=\"wp-block-image is-style-rounded\">\n<figure class=\"aligncenter size-full is-resized has-custom-border\"><img loading=\"lazy\" decoding=\"async\" width=\"616\" height=\"600\" src=\"https:\/\/www.iblimed.com\/wp-content\/uploads\/2025\/08\/jaula_faraday_modular-1.jpg\" alt=\"\" class=\"wp-image-395\" style=\"border-radius:10px;aspect-ratio:1;object-fit:cover;width:500px\" srcset=\"https:\/\/www.iblimed.com\/wp-content\/uploads\/2025\/08\/jaula_faraday_modular-1.jpg 616w, https:\/\/www.iblimed.com\/wp-content\/uploads\/2025\/08\/jaula_faraday_modular-1-300x292.jpg 300w\" sizes=\"auto, (max-width: 616px) 100vw, 616px\" \/><\/figure>\n<\/div>\n\n\n<div style=\"height:24px\" aria-hidden=\"true\" class=\"wp-block-spacer\"><\/div>\n\n\n\n<h3 class=\"wp-block-heading has-text-align-center has-neve-text-color-color has-text-color\">Jaulas de Faraday Modulares<\/h3>\n\n\n\n<p class=\"has-text-align-center has-neve-text-color-color has-text-color\">Nuestra Jaula de Faraday ofrece un blindaje electromagn\u00e9tico modular en cobre o aluminio.<\/p>\n\n\n\n<div class=\"wp-block-buttons is-content-justification-center is-layout-flex wp-container-core-buttons-is-layout-16018d1d wp-block-buttons-is-layout-flex\">\n<div class=\"wp-block-button is-style-primary\"><a class=\"wp-block-button__link wp-element-button\" href=\"https:\/\/www.iblimed.com\/index.php\/productos\/jaulas-de-faraday-modulares\/\">M\u00c1S INFORMACI\u00d3N<\/a><\/div>\n<\/div>\n\n\n\n<div style=\"height:40px\" aria-hidden=\"true\" class=\"wp-block-spacer\"><\/div>\n<\/div>\n\n\n\n<div class=\"wp-block-column is-vertically-aligned-top is-layout-flow wp-block-column-is-layout-flow\" style=\"flex-basis:50%\"><div class=\"wp-block-image is-style-rounded\">\n<figure class=\"aligncenter size-full is-resized has-custom-border\"><img loading=\"lazy\" decoding=\"async\" width=\"640\" height=\"427\" src=\"https:\/\/www.iblimed.com\/wp-content\/uploads\/2025\/09\/AdobeStock_366513318-Medium.jpeg\" alt=\"\" class=\"wp-image-481\" style=\"border-radius:10px;aspect-ratio:1;object-fit:cover;width:500px\" srcset=\"https:\/\/www.iblimed.com\/wp-content\/uploads\/2025\/09\/AdobeStock_366513318-Medium.jpeg 640w, https:\/\/www.iblimed.com\/wp-content\/uploads\/2025\/09\/AdobeStock_366513318-Medium-300x200.jpeg 300w\" sizes=\"auto, (max-width: 640px) 100vw, 640px\" \/><\/figure>\n<\/div>\n\n\n<div style=\"height:24px\" aria-hidden=\"true\" class=\"wp-block-spacer\"><\/div>\n\n\n\n<h3 class=\"wp-block-heading has-text-align-center has-neve-text-color-color has-text-color\">Jaulas de Faraday Adosadas<\/h3>\n\n\n\n<p class=\"has-text-align-center has-neve-text-color-color has-text-color\">Este tipo de blindaje se realiza in situ, recubriendo piso, paredes y techo, adosando el blindaje directamente a la estructura existente.<\/p>\n\n\n\n<div class=\"wp-block-buttons is-content-justification-center is-layout-flex wp-container-core-buttons-is-layout-16018d1d wp-block-buttons-is-layout-flex\">\n<div class=\"wp-block-button is-style-primary\"><a class=\"wp-block-button__link wp-element-button\" href=\"https:\/\/www.iblimed.com\/index.php\/productos\/jaulas-de-faraday-adosadas\/\">M\u00c1S INFORMACI\u00d3N<\/a><\/div>\n<\/div>\n\n\n\n<div style=\"height:40px\" aria-hidden=\"true\" class=\"wp-block-spacer\"><\/div>\n<\/div>\n<\/div>\n<\/div><\/div>\n<\/div><\/div>\n\n\n\n<div class=\"wp-block-cover alignfull\" style=\"min-height:600px;aspect-ratio:unset;\"><span aria-hidden=\"true\" class=\"wp-block-cover__background has-nv-light-bg-background-color has-background-dim-100 has-background-dim\"><\/span><div class=\"wp-block-cover__inner-container is-layout-flow wp-block-cover-is-layout-flow\">\n<div class=\"wp-block-group\"><div class=\"wp-block-group__inner-container is-layout-flow wp-block-group-is-layout-flow\">\n<div style=\"height:80px\" aria-hidden=\"true\" class=\"wp-block-spacer\"><\/div>\n\n\n\n<div class=\"wp-block-columns is-layout-flex wp-container-core-columns-is-layout-9d6595d7 wp-block-columns-is-layout-flex\">\n<div class=\"wp-block-column is-vertically-aligned-top is-layout-flow wp-block-column-is-layout-flow\" style=\"flex-basis:50%\"><div class=\"wp-block-image is-style-rounded\">\n<figure class=\"aligncenter size-full is-resized has-custom-border\"><img loading=\"lazy\" decoding=\"async\" width=\"600\" height=\"600\" src=\"https:\/\/www.iblimed.com\/wp-content\/uploads\/2025\/08\/blindaje_magnetico_stabolec.jpg\" alt=\"\" class=\"wp-image-383\" style=\"border-radius:10px;aspect-ratio:1;object-fit:cover;width:500px\" srcset=\"https:\/\/www.iblimed.com\/wp-content\/uploads\/2025\/08\/blindaje_magnetico_stabolec.jpg 600w, https:\/\/www.iblimed.com\/wp-content\/uploads\/2025\/08\/blindaje_magnetico_stabolec-300x300.jpg 300w, https:\/\/www.iblimed.com\/wp-content\/uploads\/2025\/08\/blindaje_magnetico_stabolec-150x150.jpg 150w\" sizes=\"auto, (max-width: 600px) 100vw, 600px\" \/><\/figure>\n<\/div>\n\n\n<div style=\"height:24px\" aria-hidden=\"true\" class=\"wp-block-spacer\"><\/div>\n\n\n\n<h3 class=\"wp-block-heading has-text-align-center has-neve-text-color-color has-text-color\">Blindaje Magnetico Pasivo<\/h3>\n\n\n\n<p class=\"has-text-align-center has-neve-text-color-color has-text-color\">Realizamos blindajes magn\u00e9ticos para salas de resonancia magn\u00e9tica mediante l\u00e1minas de acero magn\u00e9tico.<\/p>\n\n\n\n<div class=\"wp-block-buttons is-content-justification-center is-layout-flex wp-container-core-buttons-is-layout-16018d1d wp-block-buttons-is-layout-flex\">\n<div class=\"wp-block-button is-style-primary\"><a class=\"wp-block-button__link wp-element-button\" href=\"https:\/\/www.iblimed.com\/index.php\/productos\/blindaje-magnetico-pasivo\/\">M\u00c1S INFORMACI\u00d3N<\/a><\/div>\n<\/div>\n\n\n\n<div style=\"height:40px\" aria-hidden=\"true\" class=\"wp-block-spacer\"><\/div>\n<\/div>\n\n\n\n<div class=\"wp-block-column is-vertically-aligned-top is-layout-flow wp-block-column-is-layout-flow\" style=\"flex-basis:50%\"><div class=\"wp-block-image is-style-rounded wp-duotone-unset-1\">\n<figure class=\"aligncenter size-full is-resized has-custom-border\"><img loading=\"lazy\" decoding=\"async\" width=\"600\" height=\"600\" src=\"https:\/\/www.iblimed.com\/wp-content\/uploads\/2025\/08\/IMG_6637-Large.jpeg\" alt=\"\" class=\"wp-image-390\" style=\"border-radius:10px;aspect-ratio:1;object-fit:cover;width:500px\" srcset=\"https:\/\/www.iblimed.com\/wp-content\/uploads\/2025\/08\/IMG_6637-Large.jpeg 600w, https:\/\/www.iblimed.com\/wp-content\/uploads\/2025\/08\/IMG_6637-Large-300x300.jpeg 300w, https:\/\/www.iblimed.com\/wp-content\/uploads\/2025\/08\/IMG_6637-Large-150x150.jpeg 150w\" sizes=\"auto, (max-width: 600px) 100vw, 600px\" \/><\/figure>\n<\/div>\n\n\n<div style=\"height:24px\" aria-hidden=\"true\" class=\"wp-block-spacer\"><\/div>\n\n\n\n<h3 class=\"wp-block-heading has-text-align-center has-neve-text-color-color has-text-color\">Revestimientos Interiores<\/h3>\n\n\n\n<p class=\"has-text-align-center has-neve-text-color-color has-text-color\">Ofrecemos soluciones est\u00e9ticas y funcionales para el interior de salas de resonancia magn\u00e9tica<\/p>\n\n\n\n<div class=\"wp-block-buttons is-content-justification-center is-layout-flex wp-container-core-buttons-is-layout-16018d1d wp-block-buttons-is-layout-flex\">\n<div class=\"wp-block-button is-style-primary\"><a class=\"wp-block-button__link wp-element-button\" href=\"https:\/\/www.iblimed.com\/index.php\/productos\/revestimientos-interiores\/\">M\u00c1S INFORMACI\u00d3N<\/a><\/div>\n<\/div>\n\n\n\n<div style=\"height:40px\" aria-hidden=\"true\" class=\"wp-block-spacer\"><\/div>\n<\/div>\n<\/div>\n\n\n\n<div style=\"height:40px\" aria-hidden=\"true\" class=\"wp-block-spacer\"><\/div>\n<\/div><\/div>\n<\/div><\/div>\n","protected":false},"excerpt":{"rendered":"","protected":false},"author":1,"featured_media":0,"parent":0,"menu_order":0,"comment_status":"closed","ping_status":"closed","template":"","meta":{"neve_meta_sidebar":"full-width","neve_meta_container":"","neve_meta_enable_content_width":"on","neve_meta_content_width":100,"neve_meta_title_alignment":"left","neve_meta_author_avatar":"","neve_post_elements_order":"","neve_meta_disable_header":"","neve_meta_disable_footer":"","neve_meta_disable_title":"on","_themeisle_gutenberg_block_has_review":false,"footnotes":""},"class_list":["post-69","page","type-page","status-publish","hentry"],"yoast_head":"<!-- This site is optimized with the Yoast SEO plugin v27.4 - https:\/\/yoast.com\/product\/yoast-seo-wordpress\/ -->\n<title>Productos - IBLIMED<\/title>\n<meta name=\"robots\" content=\"index, follow, max-snippet:-1, max-image-preview:large, max-video-preview:-1\" \/>\n<link rel=\"canonical\" href=\"https:\/\/www.iblimed.com\/index.php\/productos\/\" \/>\n<meta property=\"og:locale\" content=\"es_ES\" \/>\n<meta property=\"og:type\" content=\"article\" \/>\n<meta property=\"og:title\" content=\"Productos - IBLIMED\" \/>\n<meta property=\"og:url\" content=\"https:\/\/www.iblimed.com\/index.php\/productos\/\" \/>\n<meta property=\"og:site_name\" content=\"IBLIMED\" \/>\n<meta property=\"article:modified_time\" content=\"2026-01-28T20:33:40+00:00\" \/>\n<meta property=\"og:image\" content=\"https:\/\/www.iblimed.com\/wp-content\/uploads\/2025\/08\/jaula_faraday_modular-1.jpg\" \/>\n\t<meta property=\"og:image:width\" content=\"616\" \/>\n\t<meta property=\"og:image:height\" content=\"600\" \/>\n\t<meta property=\"og:image:type\" content=\"image\/jpeg\" \/>\n<meta name=\"twitter:card\" content=\"summary_large_image\" \/>\n<meta name=\"twitter:label1\" content=\"Tiempo de lectura\" \/>\n\t<meta name=\"twitter:data1\" content=\"1 minuto\" \/>\n<script type=\"application\/ld+json\" class=\"yoast-schema-graph\">{\"@context\":\"https:\\\/\\\/schema.org\",\"@graph\":[{\"@type\":\"WebPage\",\"@id\":\"https:\\\/\\\/www.iblimed.com\\\/index.php\\\/productos\\\/\",\"url\":\"https:\\\/\\\/www.iblimed.com\\\/index.php\\\/productos\\\/\",\"name\":\"Productos - IBLIMED\",\"isPartOf\":{\"@id\":\"https:\\\/\\\/www.iblimed.com\\\/#website\"},\"primaryImageOfPage\":{\"@id\":\"https:\\\/\\\/www.iblimed.com\\\/index.php\\\/productos\\\/#primaryimage\"},\"image\":{\"@id\":\"https:\\\/\\\/www.iblimed.com\\\/index.php\\\/productos\\\/#primaryimage\"},\"thumbnailUrl\":\"https:\\\/\\\/www.iblimed.com\\\/wp-content\\\/uploads\\\/2025\\\/08\\\/jaula_faraday_modular-1.jpg\",\"datePublished\":\"2025-01-27T07:05:29+00:00\",\"dateModified\":\"2026-01-28T20:33:40+00:00\",\"breadcrumb\":{\"@id\":\"https:\\\/\\\/www.iblimed.com\\\/index.php\\\/productos\\\/#breadcrumb\"},\"inLanguage\":\"es\",\"potentialAction\":[{\"@type\":\"ReadAction\",\"target\":[\"https:\\\/\\\/www.iblimed.com\\\/index.php\\\/productos\\\/\"]}]},{\"@type\":\"ImageObject\",\"inLanguage\":\"es\",\"@id\":\"https:\\\/\\\/www.iblimed.com\\\/index.php\\\/productos\\\/#primaryimage\",\"url\":\"https:\\\/\\\/www.iblimed.com\\\/wp-content\\\/uploads\\\/2025\\\/08\\\/jaula_faraday_modular-1.jpg\",\"contentUrl\":\"https:\\\/\\\/www.iblimed.com\\\/wp-content\\\/uploads\\\/2025\\\/08\\\/jaula_faraday_modular-1.jpg\",\"width\":616,\"height\":600},{\"@type\":\"BreadcrumbList\",\"@id\":\"https:\\\/\\\/www.iblimed.com\\\/index.php\\\/productos\\\/#breadcrumb\",\"itemListElement\":[{\"@type\":\"ListItem\",\"position\":1,\"name\":\"Home\",\"item\":\"https:\\\/\\\/www.iblimed.com\\\/\"},{\"@type\":\"ListItem\",\"position\":2,\"name\":\"Productos\"}]},{\"@type\":\"WebSite\",\"@id\":\"https:\\\/\\\/www.iblimed.com\\\/#website\",\"url\":\"https:\\\/\\\/www.iblimed.com\\\/\",\"name\":\"IBLIMED\",\"description\":\"Instalaciones y blindajes medicos\",\"publisher\":{\"@id\":\"https:\\\/\\\/www.iblimed.com\\\/#organization\"},\"potentialAction\":[{\"@type\":\"SearchAction\",\"target\":{\"@type\":\"EntryPoint\",\"urlTemplate\":\"https:\\\/\\\/www.iblimed.com\\\/?s={search_term_string}\"},\"query-input\":{\"@type\":\"PropertyValueSpecification\",\"valueRequired\":true,\"valueName\":\"search_term_string\"}}],\"inLanguage\":\"es\"},{\"@type\":\"Organization\",\"@id\":\"https:\\\/\\\/www.iblimed.com\\\/#organization\",\"name\":\"IBLIMED\",\"url\":\"https:\\\/\\\/www.iblimed.com\\\/\",\"logo\":{\"@type\":\"ImageObject\",\"inLanguage\":\"es\",\"@id\":\"https:\\\/\\\/www.iblimed.com\\\/#\\\/schema\\\/logo\\\/image\\\/\",\"url\":\"https:\\\/\\\/www.iblimed.com\\\/wp-content\\\/uploads\\\/2025\\\/09\\\/IBLI-06.png\",\"contentUrl\":\"https:\\\/\\\/www.iblimed.com\\\/wp-content\\\/uploads\\\/2025\\\/09\\\/IBLI-06.png\",\"width\":392,\"height\":109,\"caption\":\"IBLIMED\"},\"image\":{\"@id\":\"https:\\\/\\\/www.iblimed.com\\\/#\\\/schema\\\/logo\\\/image\\\/\"},\"sameAs\":[\"https:\\\/\\\/www.linkedin.com\\\/company\\\/iblimed\\\/\"]}]}<\/script>\n<!-- \/ Yoast SEO plugin. -->","yoast_head_json":{"title":"Productos - IBLIMED","robots":{"index":"index","follow":"follow","max-snippet":"max-snippet:-1","max-image-preview":"max-image-preview:large","max-video-preview":"max-video-preview:-1"},"canonical":"https:\/\/www.iblimed.com\/index.php\/productos\/","og_locale":"es_ES","og_type":"article","og_title":"Productos - IBLIMED","og_url":"https:\/\/www.iblimed.com\/index.php\/productos\/","og_site_name":"IBLIMED","article_modified_time":"2026-01-28T20:33:40+00:00","og_image":[{"width":616,"height":600,"url":"https:\/\/www.iblimed.com\/wp-content\/uploads\/2025\/08\/jaula_faraday_modular-1.jpg","type":"image\/jpeg"}],"twitter_card":"summary_large_image","twitter_misc":{"Tiempo de lectura":"1 minuto"},"schema":{"@context":"https:\/\/schema.org","@graph":[{"@type":"WebPage","@id":"https:\/\/www.iblimed.com\/index.php\/productos\/","url":"https:\/\/www.iblimed.com\/index.php\/productos\/","name":"Productos - IBLIMED","isPartOf":{"@id":"https:\/\/www.iblimed.com\/#website"},"primaryImageOfPage":{"@id":"https:\/\/www.iblimed.com\/index.php\/productos\/#primaryimage"},"image":{"@id":"https:\/\/www.iblimed.com\/index.php\/productos\/#primaryimage"},"thumbnailUrl":"https:\/\/www.iblimed.com\/wp-content\/uploads\/2025\/08\/jaula_faraday_modular-1.jpg","datePublished":"2025-01-27T07:05:29+00:00","dateModified":"2026-01-28T20:33:40+00:00","breadcrumb":{"@id":"https:\/\/www.iblimed.com\/index.php\/productos\/#breadcrumb"},"inLanguage":"es","potentialAction":[{"@type":"ReadAction","target":["https:\/\/www.iblimed.com\/index.php\/productos\/"]}]},{"@type":"ImageObject","inLanguage":"es","@id":"https:\/\/www.iblimed.com\/index.php\/productos\/#primaryimage","url":"https:\/\/www.iblimed.com\/wp-content\/uploads\/2025\/08\/jaula_faraday_modular-1.jpg","contentUrl":"https:\/\/www.iblimed.com\/wp-content\/uploads\/2025\/08\/jaula_faraday_modular-1.jpg","width":616,"height":600},{"@type":"BreadcrumbList","@id":"https:\/\/www.iblimed.com\/index.php\/productos\/#breadcrumb","itemListElement":[{"@type":"ListItem","position":1,"name":"Home","item":"https:\/\/www.iblimed.com\/"},{"@type":"ListItem","position":2,"name":"Productos"}]},{"@type":"WebSite","@id":"https:\/\/www.iblimed.com\/#website","url":"https:\/\/www.iblimed.com\/","name":"IBLIMED","description":"Instalaciones y blindajes medicos","publisher":{"@id":"https:\/\/www.iblimed.com\/#organization"},"potentialAction":[{"@type":"SearchAction","target":{"@type":"EntryPoint","urlTemplate":"https:\/\/www.iblimed.com\/?s={search_term_string}"},"query-input":{"@type":"PropertyValueSpecification","valueRequired":true,"valueName":"search_term_string"}}],"inLanguage":"es"},{"@type":"Organization","@id":"https:\/\/www.iblimed.com\/#organization","name":"IBLIMED","url":"https:\/\/www.iblimed.com\/","logo":{"@type":"ImageObject","inLanguage":"es","@id":"https:\/\/www.iblimed.com\/#\/schema\/logo\/image\/","url":"https:\/\/www.iblimed.com\/wp-content\/uploads\/2025\/09\/IBLI-06.png","contentUrl":"https:\/\/www.iblimed.com\/wp-content\/uploads\/2025\/09\/IBLI-06.png","width":392,"height":109,"caption":"IBLIMED"},"image":{"@id":"https:\/\/www.iblimed.com\/#\/schema\/logo\/image\/"},"sameAs":["https:\/\/www.linkedin.com\/company\/iblimed\/"]}]}},"_links":{"self":[{"href":"https:\/\/www.iblimed.com\/index.php\/wp-json\/wp\/v2\/pages\/69","targetHints":{"allow":["GET"]}}],"collection":[{"href":"https:\/\/www.iblimed.com\/index.php\/wp-json\/wp\/v2\/pages"}],"about":[{"href":"https:\/\/www.iblimed.com\/index.php\/wp-json\/wp\/v2\/types\/page"}],"author":[{"embeddable":true,"href":"https:\/\/www.iblimed.com\/index.php\/wp-json\/wp\/v2\/users\/1"}],"replies":[{"embeddable":true,"href":"https:\/\/www.iblimed.com\/index.php\/wp-json\/wp\/v2\/comments?post=69"}],"version-history":[{"count":29,"href":"https:\/\/www.iblimed.com\/index.php\/wp-json\/wp\/v2\/pages\/69\/revisions"}],"predecessor-version":[{"id":717,"href":"https:\/\/www.iblimed.com\/index.php\/wp-json\/wp\/v2\/pages\/69\/revisions\/717"}],"wp:attachment":[{"href":"https:\/\/www.iblimed.com\/index.php\/wp-json\/wp\/v2\/media?parent=69"}],"curies":[{"name":"wp","href":"https:\/\/api.w.org\/{rel}","templated":true}]}}