{"id":61,"date":"2025-06-23T18:21:52","date_gmt":"2025-06-23T16:21:52","guid":{"rendered":"https:\/\/demosites.io\/web-agency-gb\/?page_id=61"},"modified":"2026-01-28T21:31:55","modified_gmt":"2026-01-28T20:31:55","slug":"sobre-nosotros","status":"publish","type":"page","link":"https:\/\/www.iblimed.com\/index.php\/sobre-nosotros\/","title":{"rendered":"Sobre nosotros"},"content":{"rendered":"\n<div class=\"wp-block-cover alignfull\" style=\"min-height:300px;aspect-ratio:unset;\"><span aria-hidden=\"true\" class=\"wp-block-cover__background has-nv-site-bg-background-color has-background-dim-100 has-background-dim\"><\/span><div class=\"wp-block-cover__inner-container is-layout-flow wp-block-cover-is-layout-flow\">\n<div class=\"wp-block-group\"><div class=\"wp-block-group__inner-container is-layout-flow wp-block-group-is-layout-flow\">\n<h1 class=\"wp-block-heading has-text-align-center has-text-align-left has-neve-text-color-color has-text-color\">Sobre nosotros<\/h1>\n<\/div><\/div>\n<\/div><\/div>\n\n\n\n<div class=\"wp-block-cover alignfull\" style=\"min-height:600px;aspect-ratio:unset;\"><span aria-hidden=\"true\" class=\"wp-block-cover__background has-nv-light-bg-background-color has-background-dim-100 has-background-dim\"><\/span><div class=\"wp-block-cover__inner-container is-layout-flow wp-block-cover-is-layout-flow\">\n<div class=\"wp-block-group\"><div class=\"wp-block-group__inner-container is-layout-flow wp-block-group-is-layout-flow\">\n<div style=\"height:80px\" aria-hidden=\"true\" class=\"wp-block-spacer\"><\/div>\n\n\n\n<div class=\"wp-block-columns are-vertically-aligned-center has-neve-text-color-color has-text-color is-layout-flex wp-container-core-columns-is-layout-9d6595d7 wp-block-columns-is-layout-flex\">\n<div class=\"wp-block-column is-vertically-aligned-center is-layout-flow wp-block-column-is-layout-flow\" style=\"flex-basis:50%\">\n<figure class=\"wp-block-image size-full has-custom-border is-style-rounded\"><img loading=\"lazy\" decoding=\"async\" width=\"600\" height=\"600\" src=\"https:\/\/www.iblimed.com\/wp-content\/uploads\/2025\/08\/IMG_6634-Large.jpeg\" alt=\"\" class=\"wp-image-387\" style=\"border-radius:10px\" srcset=\"https:\/\/www.iblimed.com\/wp-content\/uploads\/2025\/08\/IMG_6634-Large.jpeg 600w, https:\/\/www.iblimed.com\/wp-content\/uploads\/2025\/08\/IMG_6634-Large-300x300.jpeg 300w, https:\/\/www.iblimed.com\/wp-content\/uploads\/2025\/08\/IMG_6634-Large-150x150.jpeg 150w\" sizes=\"auto, (max-width: 600px) 100vw, 600px\" \/><\/figure>\n<\/div>\n\n\n\n<div class=\"wp-block-column is-vertically-aligned-center is-layout-flow wp-block-column-is-layout-flow\" style=\"flex-basis:50%\">\n<h2 class=\"wp-block-heading has-neve-text-color-color has-text-color\">Nuestra historia<\/h2>\n\n\n\n<p class=\"has-neve-text-color-color has-text-color\">Con m\u00e1s de 20 a\u00f1os de experiencia en el sector, IBLIMED es su socio de confianza para la producci\u00f3n e instalaci\u00f3n de jaulas de Faraday. Nuestro compromiso va m\u00e1s all\u00e1 de la finalizaci\u00f3n del proyecto; ofrecemos servicios posventa y mantenimiento integrales para garantizar la eficiencia y fiabilidad a largo plazo de sus jaulas de Faraday e instalaciones m\u00e9dicas.<\/p>\n<\/div>\n<\/div>\n\n\n\n<div style=\"height:40px\" aria-hidden=\"true\" class=\"wp-block-spacer\"><\/div>\n<\/div><\/div>\n<\/div><\/div>\n\n\n\n<div class=\"wp-block-cover alignfull\" style=\"min-height:600px;aspect-ratio:unset;\"><span aria-hidden=\"true\" class=\"wp-block-cover__background has-nv-dark-bg-background-color has-background-dim-100 has-background-dim\"><\/span><div class=\"wp-block-cover__inner-container is-layout-flow wp-block-cover-is-layout-flow\">\n<div class=\"wp-block-group\"><div class=\"wp-block-group__inner-container is-layout-flow wp-block-group-is-layout-flow\">\n<div style=\"height:80px\" aria-hidden=\"true\" class=\"wp-block-spacer\"><\/div>\n\n\n\n<div class=\"wp-block-columns are-vertically-aligned-center is-layout-flex wp-container-core-columns-is-layout-9d6595d7 wp-block-columns-is-layout-flex\">\n<div class=\"wp-block-column is-vertically-aligned-center is-layout-flow wp-block-column-is-layout-flow\" style=\"flex-basis:50%\">\n<h2 class=\"wp-block-heading has-nv-text-dark-bg-color has-text-color\">Nos impulsa la satisfacci\u00f3n del cliente<\/h2>\n\n\n\n<p class=\"has-nv-text-dark-bg-color has-text-color\">Nos enorgullecemos de nuestros productos y servicios de alta calidad, suministrados siempre con una meticulosa atenci\u00f3n al detalle.<\/p>\n\n\n\n<div class=\"wp-block-buttons is-layout-flex wp-block-buttons-is-layout-flex\">\n<div class=\"wp-block-button is-style-primary\"><a class=\"wp-block-button__link wp-element-button\" href=\"https:\/\/www.iblimed.com\/index.php\/contactenos\/\">P\u00d3NGASE EN CONTACTO!<\/a><\/div>\n<\/div>\n<\/div>\n\n\n\n<div class=\"wp-block-column is-vertically-aligned-center is-layout-flow wp-block-column-is-layout-flow\" style=\"flex-basis:50%\">\n<figure class=\"wp-block-image size-full is-resized has-custom-border is-style-rounded\"><img loading=\"lazy\" decoding=\"async\" width=\"640\" height=\"427\" src=\"https:\/\/www.iblimed.com\/wp-content\/uploads\/AdobeStock_1239084786-Medium.jpeg\" alt=\"\" class=\"wp-image-540\" style=\"border-radius:10px;aspect-ratio:1;object-fit:cover;width:500px\" srcset=\"https:\/\/www.iblimed.com\/wp-content\/uploads\/AdobeStock_1239084786-Medium.jpeg 640w, https:\/\/www.iblimed.com\/wp-content\/uploads\/AdobeStock_1239084786-Medium-300x200.jpeg 300w\" sizes=\"auto, (max-width: 640px) 100vw, 640px\" \/><\/figure>\n<\/div>\n<\/div>\n\n\n\n<div style=\"height:40px\" aria-hidden=\"true\" class=\"wp-block-spacer\"><\/div>\n<\/div><\/div>\n<\/div><\/div>\n\n\n\n<div class=\"wp-block-cover alignfull\" style=\"min-height:420px;aspect-ratio:unset;\"><span aria-hidden=\"true\" class=\"wp-block-cover__background has-nv-site-bg-background-color has-background-dim-100 has-background-dim\"><\/span><div class=\"wp-block-cover__inner-container is-layout-flow wp-block-cover-is-layout-flow\">\n<div style=\"height:80px\" aria-hidden=\"true\" class=\"wp-block-spacer\"><\/div>\n\n\n\n<div class=\"wp-block-columns is-layout-flex wp-container-core-columns-is-layout-9d6595d7 wp-block-columns-is-layout-flex\">\n<div class=\"wp-block-column ticss-4ce656f1 is-layout-flow wp-block-column-is-layout-flow\"><div class=\"wp-block-image icon-style is-style-rounded wp-duotone-rgb244244245-rgb5297114-1\">\n<figure class=\"aligncenter size-large\"><img loading=\"lazy\" decoding=\"async\" width=\"72\" height=\"72\" src=\"https:\/\/www.iblimed.com\/wp-content\/uploads\/2020\/01\/neve-webdesign-GB-03.png\" alt=\"\" class=\"wp-image-20\"\/><\/figure>\n<\/div>\n\n\n<div style=\"height:24px\" aria-hidden=\"true\" class=\"wp-block-spacer\"><\/div>\n\n\n\n<h3 class=\"wp-block-heading has-text-align-center has-neve-text-color-color has-text-color\">Alta calidad<\/h3>\n\n\n\n<p class=\"has-text-align-center has-neve-text-color-color has-text-color\">Garantizamos al 100% que todas nuestras instalaciones cumplen con los m\u00e1s altos est\u00e1ndares de calidad exigidos por proveedores de equipos m\u00e9dicos.<\/p>\n\n\n\n<div style=\"height:20px\" aria-hidden=\"true\" class=\"wp-block-spacer\"><\/div>\n<\/div>\n\n\n\n<div class=\"wp-block-column ticss-f6fc7494 is-layout-flow wp-block-column-is-layout-flow\"><div class=\"wp-block-image icon-style is-style-rounded wp-duotone-rgb244244245-rgb5297114-2\">\n<figure class=\"aligncenter size-full\"><img loading=\"lazy\" decoding=\"async\" width=\"72\" height=\"72\" src=\"https:\/\/www.iblimed.com\/wp-content\/uploads\/2020\/01\/neve-webdesign-GB-04.png\" alt=\"\" class=\"wp-image-21\"\/><\/figure>\n<\/div>\n\n\n<div style=\"height:24px\" aria-hidden=\"true\" class=\"wp-block-spacer\"><\/div>\n\n\n\n<h3 class=\"wp-block-heading has-text-align-center has-neve-text-color-color has-text-color\">Soluciones a medida<\/h3>\n\n\n\n<p class=\"has-text-align-center has-neve-text-color-color has-text-color\">Creamos soluciones personalizadas y \u00f3ptimas adaptadas a tus necesidades \u00fanicas.<\/p>\n\n\n\n<div style=\"height:20px\" aria-hidden=\"true\" class=\"wp-block-spacer\"><\/div>\n<\/div>\n\n\n\n<div class=\"wp-block-column ticss-a5b4df29 is-layout-flow wp-block-column-is-layout-flow\"><div class=\"wp-block-image icon-style is-style-rounded wp-duotone-rgb244244245-rgb5297114-3\">\n<figure class=\"aligncenter size-full\"><img loading=\"lazy\" decoding=\"async\" width=\"72\" height=\"72\" src=\"https:\/\/www.iblimed.com\/wp-content\/uploads\/2020\/01\/neve-webdesign-GB-01.png\" alt=\"\" class=\"wp-image-18\"\/><\/figure>\n<\/div>\n\n\n<div style=\"height:24px\" aria-hidden=\"true\" class=\"wp-block-spacer\"><\/div>\n\n\n\n<h3 class=\"wp-block-heading has-text-align-center has-neve-text-color-color has-text-color\">Dise\u00f1o y producci\u00f3n internos<\/h3>\n\n\n\n<p class=\"has-text-align-center has-neve-text-color-color has-text-color\">Todas nuestras jaulas son dise\u00f1adas y producidas con orgullo en Espa\u00f1a, Europa. Garantizamos la m\u00e1xima calidad en cada etapa de producci\u00f3n e instalaci\u00f3n.<\/p>\n\n\n\n<div style=\"height:20px\" aria-hidden=\"true\" class=\"wp-block-spacer\"><\/div>\n<\/div>\n<\/div>\n\n\n\n<div style=\"height:30px\" aria-hidden=\"true\" class=\"wp-block-spacer\"><\/div>\n<\/div><\/div>\n","protected":false},"excerpt":{"rendered":"","protected":false},"author":1,"featured_media":0,"parent":0,"menu_order":0,"comment_status":"closed","ping_status":"closed","template":"","meta":{"neve_meta_sidebar":"default","neve_meta_container":"default","neve_meta_enable_content_width":"on","neve_meta_content_width":100,"neve_meta_title_alignment":"","neve_meta_author_avatar":"","neve_post_elements_order":"","neve_meta_disable_header":"","neve_meta_disable_footer":"","neve_meta_disable_title":"on","_themeisle_gutenberg_block_has_review":false,"footnotes":""},"class_list":["post-61","page","type-page","status-publish","hentry"],"yoast_head":"<!-- This site is optimized with the Yoast SEO plugin v27.4 - https:\/\/yoast.com\/product\/yoast-seo-wordpress\/ -->\n<title>Sobre nosotros - IBLIMED<\/title>\n<meta name=\"robots\" content=\"index, follow, max-snippet:-1, max-image-preview:large, max-video-preview:-1\" \/>\n<link rel=\"canonical\" href=\"https:\/\/www.iblimed.com\/index.php\/sobre-nosotros\/\" \/>\n<meta property=\"og:locale\" content=\"es_ES\" \/>\n<meta property=\"og:type\" content=\"article\" \/>\n<meta property=\"og:title\" content=\"Sobre nosotros - IBLIMED\" \/>\n<meta property=\"og:url\" content=\"https:\/\/www.iblimed.com\/index.php\/sobre-nosotros\/\" \/>\n<meta property=\"og:site_name\" content=\"IBLIMED\" \/>\n<meta property=\"article:modified_time\" content=\"2026-01-28T20:31:55+00:00\" \/>\n<meta property=\"og:image\" content=\"https:\/\/www.iblimed.com\/wp-content\/uploads\/2025\/08\/IMG_6634-Large.jpeg\" \/>\n\t<meta property=\"og:image:width\" content=\"600\" \/>\n\t<meta property=\"og:image:height\" content=\"600\" \/>\n\t<meta property=\"og:image:type\" content=\"image\/jpeg\" \/>\n<meta name=\"twitter:card\" content=\"summary_large_image\" \/>\n<meta name=\"twitter:label1\" content=\"Tiempo de lectura\" \/>\n\t<meta name=\"twitter:data1\" content=\"1 minuto\" \/>\n<script type=\"application\/ld+json\" class=\"yoast-schema-graph\">{\"@context\":\"https:\\\/\\\/schema.org\",\"@graph\":[{\"@type\":\"WebPage\",\"@id\":\"https:\\\/\\\/www.iblimed.com\\\/index.php\\\/sobre-nosotros\\\/\",\"url\":\"https:\\\/\\\/www.iblimed.com\\\/index.php\\\/sobre-nosotros\\\/\",\"name\":\"Sobre nosotros - IBLIMED\",\"isPartOf\":{\"@id\":\"https:\\\/\\\/www.iblimed.com\\\/#website\"},\"primaryImageOfPage\":{\"@id\":\"https:\\\/\\\/www.iblimed.com\\\/index.php\\\/sobre-nosotros\\\/#primaryimage\"},\"image\":{\"@id\":\"https:\\\/\\\/www.iblimed.com\\\/index.php\\\/sobre-nosotros\\\/#primaryimage\"},\"thumbnailUrl\":\"https:\\\/\\\/www.iblimed.com\\\/wp-content\\\/uploads\\\/2025\\\/08\\\/IMG_6634-Large.jpeg\",\"datePublished\":\"2025-06-23T16:21:52+00:00\",\"dateModified\":\"2026-01-28T20:31:55+00:00\",\"breadcrumb\":{\"@id\":\"https:\\\/\\\/www.iblimed.com\\\/index.php\\\/sobre-nosotros\\\/#breadcrumb\"},\"inLanguage\":\"es\",\"potentialAction\":[{\"@type\":\"ReadAction\",\"target\":[\"https:\\\/\\\/www.iblimed.com\\\/index.php\\\/sobre-nosotros\\\/\"]}]},{\"@type\":\"ImageObject\",\"inLanguage\":\"es\",\"@id\":\"https:\\\/\\\/www.iblimed.com\\\/index.php\\\/sobre-nosotros\\\/#primaryimage\",\"url\":\"https:\\\/\\\/www.iblimed.com\\\/wp-content\\\/uploads\\\/2025\\\/08\\\/IMG_6634-Large.jpeg\",\"contentUrl\":\"https:\\\/\\\/www.iblimed.com\\\/wp-content\\\/uploads\\\/2025\\\/08\\\/IMG_6634-Large.jpeg\",\"width\":600,\"height\":600},{\"@type\":\"BreadcrumbList\",\"@id\":\"https:\\\/\\\/www.iblimed.com\\\/index.php\\\/sobre-nosotros\\\/#breadcrumb\",\"itemListElement\":[{\"@type\":\"ListItem\",\"position\":1,\"name\":\"Home\",\"item\":\"https:\\\/\\\/www.iblimed.com\\\/\"},{\"@type\":\"ListItem\",\"position\":2,\"name\":\"Sobre nosotros\"}]},{\"@type\":\"WebSite\",\"@id\":\"https:\\\/\\\/www.iblimed.com\\\/#website\",\"url\":\"https:\\\/\\\/www.iblimed.com\\\/\",\"name\":\"IBLIMED\",\"description\":\"Instalaciones y blindajes medicos\",\"publisher\":{\"@id\":\"https:\\\/\\\/www.iblimed.com\\\/#organization\"},\"potentialAction\":[{\"@type\":\"SearchAction\",\"target\":{\"@type\":\"EntryPoint\",\"urlTemplate\":\"https:\\\/\\\/www.iblimed.com\\\/?s={search_term_string}\"},\"query-input\":{\"@type\":\"PropertyValueSpecification\",\"valueRequired\":true,\"valueName\":\"search_term_string\"}}],\"inLanguage\":\"es\"},{\"@type\":\"Organization\",\"@id\":\"https:\\\/\\\/www.iblimed.com\\\/#organization\",\"name\":\"IBLIMED\",\"url\":\"https:\\\/\\\/www.iblimed.com\\\/\",\"logo\":{\"@type\":\"ImageObject\",\"inLanguage\":\"es\",\"@id\":\"https:\\\/\\\/www.iblimed.com\\\/#\\\/schema\\\/logo\\\/image\\\/\",\"url\":\"https:\\\/\\\/www.iblimed.com\\\/wp-content\\\/uploads\\\/2025\\\/09\\\/IBLI-06.png\",\"contentUrl\":\"https:\\\/\\\/www.iblimed.com\\\/wp-content\\\/uploads\\\/2025\\\/09\\\/IBLI-06.png\",\"width\":392,\"height\":109,\"caption\":\"IBLIMED\"},\"image\":{\"@id\":\"https:\\\/\\\/www.iblimed.com\\\/#\\\/schema\\\/logo\\\/image\\\/\"},\"sameAs\":[\"https:\\\/\\\/www.linkedin.com\\\/company\\\/iblimed\\\/\"]}]}<\/script>\n<!-- \/ Yoast SEO plugin. -->","yoast_head_json":{"title":"Sobre nosotros - IBLIMED","robots":{"index":"index","follow":"follow","max-snippet":"max-snippet:-1","max-image-preview":"max-image-preview:large","max-video-preview":"max-video-preview:-1"},"canonical":"https:\/\/www.iblimed.com\/index.php\/sobre-nosotros\/","og_locale":"es_ES","og_type":"article","og_title":"Sobre nosotros - IBLIMED","og_url":"https:\/\/www.iblimed.com\/index.php\/sobre-nosotros\/","og_site_name":"IBLIMED","article_modified_time":"2026-01-28T20:31:55+00:00","og_image":[{"width":600,"height":600,"url":"https:\/\/www.iblimed.com\/wp-content\/uploads\/2025\/08\/IMG_6634-Large.jpeg","type":"image\/jpeg"}],"twitter_card":"summary_large_image","twitter_misc":{"Tiempo de lectura":"1 minuto"},"schema":{"@context":"https:\/\/schema.org","@graph":[{"@type":"WebPage","@id":"https:\/\/www.iblimed.com\/index.php\/sobre-nosotros\/","url":"https:\/\/www.iblimed.com\/index.php\/sobre-nosotros\/","name":"Sobre nosotros - IBLIMED","isPartOf":{"@id":"https:\/\/www.iblimed.com\/#website"},"primaryImageOfPage":{"@id":"https:\/\/www.iblimed.com\/index.php\/sobre-nosotros\/#primaryimage"},"image":{"@id":"https:\/\/www.iblimed.com\/index.php\/sobre-nosotros\/#primaryimage"},"thumbnailUrl":"https:\/\/www.iblimed.com\/wp-content\/uploads\/2025\/08\/IMG_6634-Large.jpeg","datePublished":"2025-06-23T16:21:52+00:00","dateModified":"2026-01-28T20:31:55+00:00","breadcrumb":{"@id":"https:\/\/www.iblimed.com\/index.php\/sobre-nosotros\/#breadcrumb"},"inLanguage":"es","potentialAction":[{"@type":"ReadAction","target":["https:\/\/www.iblimed.com\/index.php\/sobre-nosotros\/"]}]},{"@type":"ImageObject","inLanguage":"es","@id":"https:\/\/www.iblimed.com\/index.php\/sobre-nosotros\/#primaryimage","url":"https:\/\/www.iblimed.com\/wp-content\/uploads\/2025\/08\/IMG_6634-Large.jpeg","contentUrl":"https:\/\/www.iblimed.com\/wp-content\/uploads\/2025\/08\/IMG_6634-Large.jpeg","width":600,"height":600},{"@type":"BreadcrumbList","@id":"https:\/\/www.iblimed.com\/index.php\/sobre-nosotros\/#breadcrumb","itemListElement":[{"@type":"ListItem","position":1,"name":"Home","item":"https:\/\/www.iblimed.com\/"},{"@type":"ListItem","position":2,"name":"Sobre nosotros"}]},{"@type":"WebSite","@id":"https:\/\/www.iblimed.com\/#website","url":"https:\/\/www.iblimed.com\/","name":"IBLIMED","description":"Instalaciones y blindajes medicos","publisher":{"@id":"https:\/\/www.iblimed.com\/#organization"},"potentialAction":[{"@type":"SearchAction","target":{"@type":"EntryPoint","urlTemplate":"https:\/\/www.iblimed.com\/?s={search_term_string}"},"query-input":{"@type":"PropertyValueSpecification","valueRequired":true,"valueName":"search_term_string"}}],"inLanguage":"es"},{"@type":"Organization","@id":"https:\/\/www.iblimed.com\/#organization","name":"IBLIMED","url":"https:\/\/www.iblimed.com\/","logo":{"@type":"ImageObject","inLanguage":"es","@id":"https:\/\/www.iblimed.com\/#\/schema\/logo\/image\/","url":"https:\/\/www.iblimed.com\/wp-content\/uploads\/2025\/09\/IBLI-06.png","contentUrl":"https:\/\/www.iblimed.com\/wp-content\/uploads\/2025\/09\/IBLI-06.png","width":392,"height":109,"caption":"IBLIMED"},"image":{"@id":"https:\/\/www.iblimed.com\/#\/schema\/logo\/image\/"},"sameAs":["https:\/\/www.linkedin.com\/company\/iblimed\/"]}]}},"_links":{"self":[{"href":"https:\/\/www.iblimed.com\/index.php\/wp-json\/wp\/v2\/pages\/61","targetHints":{"allow":["GET"]}}],"collection":[{"href":"https:\/\/www.iblimed.com\/index.php\/wp-json\/wp\/v2\/pages"}],"about":[{"href":"https:\/\/www.iblimed.com\/index.php\/wp-json\/wp\/v2\/types\/page"}],"author":[{"embeddable":true,"href":"https:\/\/www.iblimed.com\/index.php\/wp-json\/wp\/v2\/users\/1"}],"replies":[{"embeddable":true,"href":"https:\/\/www.iblimed.com\/index.php\/wp-json\/wp\/v2\/comments?post=61"}],"version-history":[{"count":12,"href":"https:\/\/www.iblimed.com\/index.php\/wp-json\/wp\/v2\/pages\/61\/revisions"}],"predecessor-version":[{"id":810,"href":"https:\/\/www.iblimed.com\/index.php\/wp-json\/wp\/v2\/pages\/61\/revisions\/810"}],"wp:attachment":[{"href":"https:\/\/www.iblimed.com\/index.php\/wp-json\/wp\/v2\/media?parent=61"}],"curies":[{"name":"wp","href":"https:\/\/api.w.org\/{rel}","templated":true}]}}