{"id":554,"date":"2025-09-19T22:40:20","date_gmt":"2025-09-19T20:40:20","guid":{"rendered":"https:\/\/www.iblimed.com\/?page_id=554"},"modified":"2026-01-28T21:34:13","modified_gmt":"2026-01-28T20:34:13","slug":"blindaje-magnetico-pasivo","status":"publish","type":"page","link":"https:\/\/www.iblimed.com\/index.php\/productos\/blindaje-magnetico-pasivo\/","title":{"rendered":"Blindaje Magnetico Pasivo"},"content":{"rendered":"\n<div class=\"wp-block-cover alignfull\" style=\"min-height:320px;aspect-ratio:unset;\"><span aria-hidden=\"true\" class=\"wp-block-cover__background has-nv-site-bg-background-color has-background-dim-100 has-background-dim\"><\/span><div class=\"wp-block-cover__inner-container is-layout-flow wp-block-cover-is-layout-flow\">\n<div class=\"wp-block-group\"><div class=\"wp-block-group__inner-container is-layout-flow wp-block-group-is-layout-flow\">\n<div class=\"wp-block-columns are-vertically-aligned-center is-layout-flex wp-container-core-columns-is-layout-9d6595d7 wp-block-columns-is-layout-flex\">\n<div class=\"wp-block-column is-vertically-aligned-center is-layout-flow wp-block-column-is-layout-flow\" style=\"flex-basis:70%\">\n<h1 class=\"wp-block-heading has-text-align-left has-neve-text-color-color has-text-color\">Blindaje Magnetico Pasivo<\/h1>\n\n\n\n<p class=\"has-neve-text-color-color has-text-color\">Realizamos blindajes magn\u00e9ticos (Stabolec) para salas de resonancia magn\u00e9tica mediante l\u00e1minas de acero magn\u00e9tico.<\/p>\n<\/div>\n\n\n\n<div class=\"wp-block-column is-vertically-aligned-center is-layout-flow wp-block-column-is-layout-flow\" style=\"flex-basis:30%\"><\/div>\n<\/div>\n<\/div><\/div>\n<\/div><\/div>\n\n\n\n<div class=\"wp-block-cover alignfull\" style=\"min-height:600px;aspect-ratio:unset;\"><span aria-hidden=\"true\" class=\"wp-block-cover__background has-nv-light-bg-background-color has-background-dim-100 has-background-dim\"><\/span><div class=\"wp-block-cover__inner-container is-layout-flow wp-block-cover-is-layout-flow\">\n<div class=\"wp-block-group\"><div class=\"wp-block-group__inner-container is-layout-flow wp-block-group-is-layout-flow\">\n<div style=\"height:80px\" aria-hidden=\"true\" class=\"wp-block-spacer\"><\/div>\n\n\n\n<div class=\"wp-block-columns is-layout-flex wp-container-core-columns-is-layout-9d6595d7 wp-block-columns-is-layout-flex\">\n<div class=\"wp-block-column is-vertically-aligned-top is-layout-flow wp-block-column-is-layout-flow\" style=\"flex-basis:50%\">\n<div id=\"wp-block-themeisle-blocks-slider-0a27bec6\" class=\"wp-block-themeisle-blocks-slider glide\" data-per-view=\"1\" data-gap=\"0\" data-peek=\"0\" data-autoplay=\"5000\" data-height=\"400px\" data-hide-arrows=\"false\"><div class=\"glide__track\" data-glide-el=\"track\"><div class=\"glide__slides\"><div class=\"wp-block-themeisle-blocks-slider-item-wrapper glide__slide\" tabindex=\"0\"><figure><img decoding=\"async\" class=\"wp-block-themeisle-blocks-slider-item\" src=\"https:\/\/www.iblimed.com\/wp-content\/uploads\/2025\/08\/blindaje_magnetico_stabolec.jpg\" alt=\"\" title=\"\" data-id=\"383\"\/><\/figure><\/div><div class=\"wp-block-themeisle-blocks-slider-item-wrapper glide__slide\" tabindex=\"0\"><figure><img decoding=\"async\" class=\"wp-block-themeisle-blocks-slider-item\" src=\"https:\/\/www.iblimed.com\/wp-content\/uploads\/2025\/08\/Revestimientos_Interiores_para_Salas.jpg\" alt=\"\" title=\"\" data-id=\"398\"\/><\/figure><\/div><div class=\"wp-block-themeisle-blocks-slider-item-wrapper glide__slide\" tabindex=\"0\"><figure><img decoding=\"async\" class=\"wp-block-themeisle-blocks-slider-item\" src=\"https:\/\/www.iblimed.com\/wp-content\/uploads\/2025\/08\/Revestimientos_Interiores_para_Salas_2.jpg\" alt=\"\" title=\"\" data-id=\"396\"\/><\/figure><\/div><\/div><div class=\"glide__bullets\" data-glide-el=\"controls[nav]\"><button class=\"glide__bullet\" data-glide-dir=\"=0\"><\/button><button class=\"glide__bullet\" data-glide-dir=\"=1\"><\/button><button class=\"glide__bullet\" data-glide-dir=\"=2\"><\/button><\/div><\/div><\/div>\n<\/div>\n\n\n\n<div class=\"wp-block-column is-vertically-aligned-center is-layout-flow wp-block-column-is-layout-flow\" style=\"flex-basis:50%\">\n<p class=\"has-neve-text-color-color has-text-color\">En nuestra empresa, nos especializamos en la implementaci\u00f3n de blindajes magn\u00e9ticos (Stabolec) para salas de resonancia magn\u00e9tica, utilizando l\u00e1minas de acero magn\u00e9tico de alta calidad. Como parte de nuestro compromiso con la excelencia, garantizamos la atenuaci\u00f3n del campo magn\u00e9tico seg\u00fan los requerimientos espec\u00edficos de cada proyecto, mediante la inclusi\u00f3n de \u00e1ngulos y solapas que aseguran un resultado \u00f3ptimo.<\/p>\n\n\n\n<ul class=\"wp-block-list has-neve-link-hover-color-color has-text-color has-link-color wp-elements-9cbf0d3bb4b8d5210c59a7cdeca3dd02\">\n<li>Cobertura completa de esquinas y uniones para evitar fugas<\/li>\n\n\n\n<li>Medici\u00f3n del campo magn\u00e9tico posterior a la homogeneizaci\u00f3n<\/li>\n\n\n\n<li>Resultados comprobables y documentados<\/li>\n<\/ul>\n\n\n\n<div class=\"wp-block-buttons is-content-justification-center is-layout-flex wp-container-core-buttons-is-layout-16018d1d wp-block-buttons-is-layout-flex\">\n<div class=\"wp-block-button is-style-primary\"><a class=\"wp-block-button__link wp-element-button\" href=\"https:\/\/www.iblimed.com\/index.php\/contactenos\/\">CONTACT\u00c9NOS<\/a><\/div>\n<\/div>\n\n\n\n<div style=\"height:24px\" aria-hidden=\"true\" class=\"wp-block-spacer\"><\/div>\n<\/div>\n<\/div>\n\n\n\n<div style=\"height:40px\" aria-hidden=\"true\" class=\"wp-block-spacer\"><\/div>\n<\/div><\/div>\n<\/div><\/div>\n","protected":false},"excerpt":{"rendered":"","protected":false},"author":1,"featured_media":0,"parent":69,"menu_order":0,"comment_status":"closed","ping_status":"closed","template":"","meta":{"neve_meta_sidebar":"default","neve_meta_container":"","neve_meta_enable_content_width":"on","neve_meta_content_width":100,"neve_meta_title_alignment":"","neve_meta_author_avatar":"","neve_post_elements_order":"","neve_meta_disable_header":"","neve_meta_disable_footer":"","neve_meta_disable_title":"on","_themeisle_gutenberg_block_has_review":false,"footnotes":""},"class_list":["post-554","page","type-page","status-publish","hentry"],"yoast_head":"<!-- This site is optimized with the Yoast SEO plugin v27.4 - https:\/\/yoast.com\/product\/yoast-seo-wordpress\/ -->\n<title>Blindaje Magnetico Pasivo - IBLIMED<\/title>\n<meta name=\"robots\" content=\"index, follow, max-snippet:-1, max-image-preview:large, max-video-preview:-1\" \/>\n<link rel=\"canonical\" href=\"https:\/\/www.iblimed.com\/index.php\/productos\/blindaje-magnetico-pasivo\/\" \/>\n<meta property=\"og:locale\" content=\"es_ES\" \/>\n<meta property=\"og:type\" content=\"article\" \/>\n<meta property=\"og:title\" content=\"Blindaje Magnetico Pasivo - IBLIMED\" \/>\n<meta property=\"og:url\" content=\"https:\/\/www.iblimed.com\/index.php\/productos\/blindaje-magnetico-pasivo\/\" \/>\n<meta property=\"og:site_name\" content=\"IBLIMED\" \/>\n<meta property=\"article:modified_time\" content=\"2026-01-28T20:34:13+00:00\" \/>\n<meta property=\"og:image\" content=\"https:\/\/www.iblimed.com\/wp-content\/uploads\/2025\/08\/blindaje_magnetico_stabolec.jpg\" \/>\n<meta name=\"twitter:card\" content=\"summary_large_image\" \/>\n<meta name=\"twitter:label1\" content=\"Tiempo de lectura\" \/>\n\t<meta name=\"twitter:data1\" content=\"1 minuto\" \/>\n<script type=\"application\/ld+json\" class=\"yoast-schema-graph\">{\"@context\":\"https:\\\/\\\/schema.org\",\"@graph\":[{\"@type\":\"WebPage\",\"@id\":\"https:\\\/\\\/www.iblimed.com\\\/index.php\\\/productos\\\/blindaje-magnetico-pasivo\\\/\",\"url\":\"https:\\\/\\\/www.iblimed.com\\\/index.php\\\/productos\\\/blindaje-magnetico-pasivo\\\/\",\"name\":\"Blindaje Magnetico Pasivo - IBLIMED\",\"isPartOf\":{\"@id\":\"https:\\\/\\\/www.iblimed.com\\\/#website\"},\"primaryImageOfPage\":{\"@id\":\"https:\\\/\\\/www.iblimed.com\\\/index.php\\\/productos\\\/blindaje-magnetico-pasivo\\\/#primaryimage\"},\"image\":{\"@id\":\"https:\\\/\\\/www.iblimed.com\\\/index.php\\\/productos\\\/blindaje-magnetico-pasivo\\\/#primaryimage\"},\"thumbnailUrl\":\"https:\\\/\\\/www.iblimed.com\\\/wp-content\\\/uploads\\\/2025\\\/08\\\/blindaje_magnetico_stabolec.jpg\",\"datePublished\":\"2025-09-19T20:40:20+00:00\",\"dateModified\":\"2026-01-28T20:34:13+00:00\",\"breadcrumb\":{\"@id\":\"https:\\\/\\\/www.iblimed.com\\\/index.php\\\/productos\\\/blindaje-magnetico-pasivo\\\/#breadcrumb\"},\"inLanguage\":\"es\",\"potentialAction\":[{\"@type\":\"ReadAction\",\"target\":[\"https:\\\/\\\/www.iblimed.com\\\/index.php\\\/productos\\\/blindaje-magnetico-pasivo\\\/\"]}]},{\"@type\":\"ImageObject\",\"inLanguage\":\"es\",\"@id\":\"https:\\\/\\\/www.iblimed.com\\\/index.php\\\/productos\\\/blindaje-magnetico-pasivo\\\/#primaryimage\",\"url\":\"https:\\\/\\\/www.iblimed.com\\\/wp-content\\\/uploads\\\/2025\\\/08\\\/blindaje_magnetico_stabolec.jpg\",\"contentUrl\":\"https:\\\/\\\/www.iblimed.com\\\/wp-content\\\/uploads\\\/2025\\\/08\\\/blindaje_magnetico_stabolec.jpg\",\"width\":600,\"height\":600},{\"@type\":\"BreadcrumbList\",\"@id\":\"https:\\\/\\\/www.iblimed.com\\\/index.php\\\/productos\\\/blindaje-magnetico-pasivo\\\/#breadcrumb\",\"itemListElement\":[{\"@type\":\"ListItem\",\"position\":1,\"name\":\"Home\",\"item\":\"https:\\\/\\\/www.iblimed.com\\\/\"},{\"@type\":\"ListItem\",\"position\":2,\"name\":\"Productos\",\"item\":\"https:\\\/\\\/www.iblimed.com\\\/index.php\\\/productos\\\/\"},{\"@type\":\"ListItem\",\"position\":3,\"name\":\"Blindaje Magnetico Pasivo\"}]},{\"@type\":\"WebSite\",\"@id\":\"https:\\\/\\\/www.iblimed.com\\\/#website\",\"url\":\"https:\\\/\\\/www.iblimed.com\\\/\",\"name\":\"IBLIMED\",\"description\":\"Instalaciones y blindajes medicos\",\"publisher\":{\"@id\":\"https:\\\/\\\/www.iblimed.com\\\/#organization\"},\"potentialAction\":[{\"@type\":\"SearchAction\",\"target\":{\"@type\":\"EntryPoint\",\"urlTemplate\":\"https:\\\/\\\/www.iblimed.com\\\/?s={search_term_string}\"},\"query-input\":{\"@type\":\"PropertyValueSpecification\",\"valueRequired\":true,\"valueName\":\"search_term_string\"}}],\"inLanguage\":\"es\"},{\"@type\":\"Organization\",\"@id\":\"https:\\\/\\\/www.iblimed.com\\\/#organization\",\"name\":\"IBLIMED\",\"url\":\"https:\\\/\\\/www.iblimed.com\\\/\",\"logo\":{\"@type\":\"ImageObject\",\"inLanguage\":\"es\",\"@id\":\"https:\\\/\\\/www.iblimed.com\\\/#\\\/schema\\\/logo\\\/image\\\/\",\"url\":\"https:\\\/\\\/www.iblimed.com\\\/wp-content\\\/uploads\\\/2025\\\/09\\\/IBLI-06.png\",\"contentUrl\":\"https:\\\/\\\/www.iblimed.com\\\/wp-content\\\/uploads\\\/2025\\\/09\\\/IBLI-06.png\",\"width\":392,\"height\":109,\"caption\":\"IBLIMED\"},\"image\":{\"@id\":\"https:\\\/\\\/www.iblimed.com\\\/#\\\/schema\\\/logo\\\/image\\\/\"},\"sameAs\":[\"https:\\\/\\\/www.linkedin.com\\\/company\\\/iblimed\\\/\"]}]}<\/script>\n<!-- \/ Yoast SEO plugin. -->","yoast_head_json":{"title":"Blindaje Magnetico Pasivo - IBLIMED","robots":{"index":"index","follow":"follow","max-snippet":"max-snippet:-1","max-image-preview":"max-image-preview:large","max-video-preview":"max-video-preview:-1"},"canonical":"https:\/\/www.iblimed.com\/index.php\/productos\/blindaje-magnetico-pasivo\/","og_locale":"es_ES","og_type":"article","og_title":"Blindaje Magnetico Pasivo - IBLIMED","og_url":"https:\/\/www.iblimed.com\/index.php\/productos\/blindaje-magnetico-pasivo\/","og_site_name":"IBLIMED","article_modified_time":"2026-01-28T20:34:13+00:00","og_image":[{"url":"https:\/\/www.iblimed.com\/wp-content\/uploads\/2025\/08\/blindaje_magnetico_stabolec.jpg","type":"","width":"","height":""}],"twitter_card":"summary_large_image","twitter_misc":{"Tiempo de lectura":"1 minuto"},"schema":{"@context":"https:\/\/schema.org","@graph":[{"@type":"WebPage","@id":"https:\/\/www.iblimed.com\/index.php\/productos\/blindaje-magnetico-pasivo\/","url":"https:\/\/www.iblimed.com\/index.php\/productos\/blindaje-magnetico-pasivo\/","name":"Blindaje Magnetico Pasivo - IBLIMED","isPartOf":{"@id":"https:\/\/www.iblimed.com\/#website"},"primaryImageOfPage":{"@id":"https:\/\/www.iblimed.com\/index.php\/productos\/blindaje-magnetico-pasivo\/#primaryimage"},"image":{"@id":"https:\/\/www.iblimed.com\/index.php\/productos\/blindaje-magnetico-pasivo\/#primaryimage"},"thumbnailUrl":"https:\/\/www.iblimed.com\/wp-content\/uploads\/2025\/08\/blindaje_magnetico_stabolec.jpg","datePublished":"2025-09-19T20:40:20+00:00","dateModified":"2026-01-28T20:34:13+00:00","breadcrumb":{"@id":"https:\/\/www.iblimed.com\/index.php\/productos\/blindaje-magnetico-pasivo\/#breadcrumb"},"inLanguage":"es","potentialAction":[{"@type":"ReadAction","target":["https:\/\/www.iblimed.com\/index.php\/productos\/blindaje-magnetico-pasivo\/"]}]},{"@type":"ImageObject","inLanguage":"es","@id":"https:\/\/www.iblimed.com\/index.php\/productos\/blindaje-magnetico-pasivo\/#primaryimage","url":"https:\/\/www.iblimed.com\/wp-content\/uploads\/2025\/08\/blindaje_magnetico_stabolec.jpg","contentUrl":"https:\/\/www.iblimed.com\/wp-content\/uploads\/2025\/08\/blindaje_magnetico_stabolec.jpg","width":600,"height":600},{"@type":"BreadcrumbList","@id":"https:\/\/www.iblimed.com\/index.php\/productos\/blindaje-magnetico-pasivo\/#breadcrumb","itemListElement":[{"@type":"ListItem","position":1,"name":"Home","item":"https:\/\/www.iblimed.com\/"},{"@type":"ListItem","position":2,"name":"Productos","item":"https:\/\/www.iblimed.com\/index.php\/productos\/"},{"@type":"ListItem","position":3,"name":"Blindaje Magnetico Pasivo"}]},{"@type":"WebSite","@id":"https:\/\/www.iblimed.com\/#website","url":"https:\/\/www.iblimed.com\/","name":"IBLIMED","description":"Instalaciones y blindajes medicos","publisher":{"@id":"https:\/\/www.iblimed.com\/#organization"},"potentialAction":[{"@type":"SearchAction","target":{"@type":"EntryPoint","urlTemplate":"https:\/\/www.iblimed.com\/?s={search_term_string}"},"query-input":{"@type":"PropertyValueSpecification","valueRequired":true,"valueName":"search_term_string"}}],"inLanguage":"es"},{"@type":"Organization","@id":"https:\/\/www.iblimed.com\/#organization","name":"IBLIMED","url":"https:\/\/www.iblimed.com\/","logo":{"@type":"ImageObject","inLanguage":"es","@id":"https:\/\/www.iblimed.com\/#\/schema\/logo\/image\/","url":"https:\/\/www.iblimed.com\/wp-content\/uploads\/2025\/09\/IBLI-06.png","contentUrl":"https:\/\/www.iblimed.com\/wp-content\/uploads\/2025\/09\/IBLI-06.png","width":392,"height":109,"caption":"IBLIMED"},"image":{"@id":"https:\/\/www.iblimed.com\/#\/schema\/logo\/image\/"},"sameAs":["https:\/\/www.linkedin.com\/company\/iblimed\/"]}]}},"_links":{"self":[{"href":"https:\/\/www.iblimed.com\/index.php\/wp-json\/wp\/v2\/pages\/554","targetHints":{"allow":["GET"]}}],"collection":[{"href":"https:\/\/www.iblimed.com\/index.php\/wp-json\/wp\/v2\/pages"}],"about":[{"href":"https:\/\/www.iblimed.com\/index.php\/wp-json\/wp\/v2\/types\/page"}],"author":[{"embeddable":true,"href":"https:\/\/www.iblimed.com\/index.php\/wp-json\/wp\/v2\/users\/1"}],"replies":[{"embeddable":true,"href":"https:\/\/www.iblimed.com\/index.php\/wp-json\/wp\/v2\/comments?post=554"}],"version-history":[{"count":8,"href":"https:\/\/www.iblimed.com\/index.php\/wp-json\/wp\/v2\/pages\/554\/revisions"}],"predecessor-version":[{"id":722,"href":"https:\/\/www.iblimed.com\/index.php\/wp-json\/wp\/v2\/pages\/554\/revisions\/722"}],"up":[{"embeddable":true,"href":"https:\/\/www.iblimed.com\/index.php\/wp-json\/wp\/v2\/pages\/69"}],"wp:attachment":[{"href":"https:\/\/www.iblimed.com\/index.php\/wp-json\/wp\/v2\/media?parent=554"}],"curies":[{"name":"wp","href":"https:\/\/api.w.org\/{rel}","templated":true}]}}