{"id":549,"date":"2025-09-18T22:36:12","date_gmt":"2025-09-18T20:36:12","guid":{"rendered":"https:\/\/www.iblimed.com\/?page_id=549"},"modified":"2026-01-28T21:35:11","modified_gmt":"2026-01-28T20:35:11","slug":"revestimientos-interiores","status":"publish","type":"page","link":"https:\/\/www.iblimed.com\/index.php\/productos\/revestimientos-interiores\/","title":{"rendered":"Revestimientos Interiores"},"content":{"rendered":"\n<div class=\"wp-block-cover alignfull\" style=\"min-height:320px;aspect-ratio:unset;\"><span aria-hidden=\"true\" class=\"wp-block-cover__background has-nv-site-bg-background-color has-background-dim-100 has-background-dim\"><\/span><div class=\"wp-block-cover__inner-container is-layout-flow wp-block-cover-is-layout-flow\">\n<div class=\"wp-block-group\"><div class=\"wp-block-group__inner-container is-layout-flow wp-block-group-is-layout-flow\">\n<div class=\"wp-block-columns are-vertically-aligned-center is-layout-flex wp-container-core-columns-is-layout-9d6595d7 wp-block-columns-is-layout-flex\">\n<div class=\"wp-block-column is-vertically-aligned-center is-layout-flow wp-block-column-is-layout-flow\" style=\"flex-basis:70%\">\n<h1 class=\"wp-block-heading has-text-align-left has-neve-text-color-color has-text-color\">Revestimientos Interiores<\/h1>\n\n\n\n<p class=\"has-neve-text-color-color has-text-color\">Ofrecemos soluciones est\u00e9ticas y funcionales para el interior de salas de resonancia magn\u00e9tica<\/p>\n<\/div>\n\n\n\n<div class=\"wp-block-column is-vertically-aligned-center is-layout-flow wp-block-column-is-layout-flow\" style=\"flex-basis:30%\"><\/div>\n<\/div>\n<\/div><\/div>\n<\/div><\/div>\n\n\n\n<div class=\"wp-block-cover alignfull\" style=\"min-height:600px;aspect-ratio:unset;\"><span aria-hidden=\"true\" class=\"wp-block-cover__background has-nv-light-bg-background-color has-background-dim-100 has-background-dim\"><\/span><div class=\"wp-block-cover__inner-container is-layout-flow wp-block-cover-is-layout-flow\">\n<div class=\"wp-block-group\"><div class=\"wp-block-group__inner-container is-layout-flow wp-block-group-is-layout-flow\">\n<div style=\"height:80px\" aria-hidden=\"true\" class=\"wp-block-spacer\"><\/div>\n\n\n\n<div class=\"wp-block-columns is-layout-flex wp-container-core-columns-is-layout-9d6595d7 wp-block-columns-is-layout-flex\">\n<div class=\"wp-block-column is-vertically-aligned-top is-layout-flow wp-block-column-is-layout-flow\" style=\"flex-basis:50%\"><div class=\"wp-block-image is-style-rounded\">\n<figure class=\"aligncenter size-full has-custom-border\"><img loading=\"lazy\" decoding=\"async\" width=\"640\" height=\"427\" src=\"https:\/\/www.iblimed.com\/wp-content\/uploads\/AdobeStock_453940939-Medium.jpeg\" alt=\"\" class=\"wp-image-539\" style=\"border-radius:10px\" srcset=\"https:\/\/www.iblimed.com\/wp-content\/uploads\/AdobeStock_453940939-Medium.jpeg 640w, https:\/\/www.iblimed.com\/wp-content\/uploads\/AdobeStock_453940939-Medium-300x200.jpeg 300w\" sizes=\"auto, (max-width: 640px) 100vw, 640px\" \/><\/figure>\n<\/div><\/div>\n\n\n\n<div class=\"wp-block-column is-vertically-aligned-center is-layout-flow wp-block-column-is-layout-flow\" style=\"flex-basis:50%\">\n<p class=\"has-text-align-center has-neve-text-color-color has-text-color\">En nuestra empresa, nos comprometemos a proporcionar soluciones integrales que combinen aspectos est\u00e9ticos y funcionales para el dise\u00f1o y la optimizaci\u00f3n de salas de resonancia magn\u00e9tica.<\/p>\n\n\n\n<div class=\"wp-block-buttons is-content-justification-center is-layout-flex wp-container-core-buttons-is-layout-16018d1d wp-block-buttons-is-layout-flex\">\n<div class=\"wp-block-button is-style-primary\"><a class=\"wp-block-button__link wp-element-button\" href=\"https:\/\/www.iblimed.com\/index.php\/contactenos\/\">CONTACT\u00c9NOS<\/a><\/div>\n<\/div>\n<\/div>\n<\/div>\n\n\n\n<div class=\"wp-block-columns is-layout-flex wp-container-core-columns-is-layout-9d6595d7 wp-block-columns-is-layout-flex\">\n<div class=\"wp-block-column is-layout-flow wp-block-column-is-layout-flow\">\n<ul class=\"wp-block-list has-neve-link-hover-color-color has-text-color has-link-color wp-elements-0e26787bfb83b8fa0185e28fe35613bf\">\n<li>Paredes de melamina con uniones de aluminio<\/li>\n\n\n\n<li>Piso vin\u00edlico antiest\u00e1tico en rollo continuo, con media ca\u00f1a a z\u00f3calo<\/li>\n\n\n\n<li>Cielo raso suspendido con perfilar\u00eda antimagn\u00e9tica<\/li>\n\n\n\n<li>Instalaci\u00f3n el\u00e9ctrica seg\u00fan especificaciones del proyecto<\/li>\n<\/ul>\n<\/div>\n\n\n\n<div class=\"wp-block-column is-layout-flow wp-block-column-is-layout-flow\">\n<ul class=\"wp-block-list has-neve-link-hover-color-color has-text-color has-link-color wp-elements-a28b143415826b248ca2ef75372eb91e\">\n<li>Conductos de climatizaci\u00f3n adaptados al entorno electromagn\u00e9tico<\/li>\n\n\n\n<li>Bandejas de cables de material antimagn\u00e9tico a medida<\/li>\n\n\n\n<li>Mueble t\u00e9cnico para panel de filtros<\/li>\n\n\n\n<li>Muebles personalizados para bobinas<\/li>\n<\/ul>\n<\/div>\n<\/div>\n\n\n\n<div style=\"height:40px\" aria-hidden=\"true\" class=\"wp-block-spacer\"><\/div>\n<\/div><\/div>\n<\/div><\/div>\n","protected":false},"excerpt":{"rendered":"","protected":false},"author":1,"featured_media":0,"parent":69,"menu_order":0,"comment_status":"closed","ping_status":"closed","template":"","meta":{"neve_meta_sidebar":"default","neve_meta_container":"","neve_meta_enable_content_width":"on","neve_meta_content_width":100,"neve_meta_title_alignment":"","neve_meta_author_avatar":"","neve_post_elements_order":"","neve_meta_disable_header":"","neve_meta_disable_footer":"","neve_meta_disable_title":"on","_themeisle_gutenberg_block_has_review":false,"footnotes":""},"class_list":["post-549","page","type-page","status-publish","hentry"],"yoast_head":"<!-- This site is optimized with the Yoast SEO plugin v27.4 - https:\/\/yoast.com\/product\/yoast-seo-wordpress\/ -->\n<title>Revestimientos Interiores - IBLIMED<\/title>\n<meta name=\"robots\" content=\"index, follow, max-snippet:-1, max-image-preview:large, max-video-preview:-1\" \/>\n<link rel=\"canonical\" href=\"https:\/\/www.iblimed.com\/index.php\/productos\/revestimientos-interiores\/\" \/>\n<meta property=\"og:locale\" content=\"es_ES\" \/>\n<meta property=\"og:type\" content=\"article\" \/>\n<meta property=\"og:title\" content=\"Revestimientos Interiores - IBLIMED\" \/>\n<meta property=\"og:url\" content=\"https:\/\/www.iblimed.com\/index.php\/productos\/revestimientos-interiores\/\" \/>\n<meta property=\"og:site_name\" content=\"IBLIMED\" \/>\n<meta property=\"article:modified_time\" content=\"2026-01-28T20:35:11+00:00\" \/>\n<meta property=\"og:image\" content=\"https:\/\/www.iblimed.com\/wp-content\/uploads\/AdobeStock_453940939-Medium.jpeg\" \/>\n\t<meta property=\"og:image:width\" content=\"640\" \/>\n\t<meta property=\"og:image:height\" content=\"427\" \/>\n\t<meta property=\"og:image:type\" content=\"image\/jpeg\" \/>\n<meta name=\"twitter:card\" content=\"summary_large_image\" \/>\n<meta name=\"twitter:label1\" content=\"Tiempo de lectura\" \/>\n\t<meta name=\"twitter:data1\" content=\"1 minuto\" \/>\n<script type=\"application\/ld+json\" class=\"yoast-schema-graph\">{\"@context\":\"https:\\\/\\\/schema.org\",\"@graph\":[{\"@type\":\"WebPage\",\"@id\":\"https:\\\/\\\/www.iblimed.com\\\/index.php\\\/productos\\\/revestimientos-interiores\\\/\",\"url\":\"https:\\\/\\\/www.iblimed.com\\\/index.php\\\/productos\\\/revestimientos-interiores\\\/\",\"name\":\"Revestimientos Interiores - IBLIMED\",\"isPartOf\":{\"@id\":\"https:\\\/\\\/www.iblimed.com\\\/#website\"},\"primaryImageOfPage\":{\"@id\":\"https:\\\/\\\/www.iblimed.com\\\/index.php\\\/productos\\\/revestimientos-interiores\\\/#primaryimage\"},\"image\":{\"@id\":\"https:\\\/\\\/www.iblimed.com\\\/index.php\\\/productos\\\/revestimientos-interiores\\\/#primaryimage\"},\"thumbnailUrl\":\"https:\\\/\\\/www.iblimed.com\\\/wp-content\\\/uploads\\\/AdobeStock_453940939-Medium.jpeg\",\"datePublished\":\"2025-09-18T20:36:12+00:00\",\"dateModified\":\"2026-01-28T20:35:11+00:00\",\"breadcrumb\":{\"@id\":\"https:\\\/\\\/www.iblimed.com\\\/index.php\\\/productos\\\/revestimientos-interiores\\\/#breadcrumb\"},\"inLanguage\":\"es\",\"potentialAction\":[{\"@type\":\"ReadAction\",\"target\":[\"https:\\\/\\\/www.iblimed.com\\\/index.php\\\/productos\\\/revestimientos-interiores\\\/\"]}]},{\"@type\":\"ImageObject\",\"inLanguage\":\"es\",\"@id\":\"https:\\\/\\\/www.iblimed.com\\\/index.php\\\/productos\\\/revestimientos-interiores\\\/#primaryimage\",\"url\":\"https:\\\/\\\/www.iblimed.com\\\/wp-content\\\/uploads\\\/AdobeStock_453940939-Medium.jpeg\",\"contentUrl\":\"https:\\\/\\\/www.iblimed.com\\\/wp-content\\\/uploads\\\/AdobeStock_453940939-Medium.jpeg\",\"width\":640,\"height\":427,\"caption\":\"Young doctor in uniform pressing start button of mri scan machine with patient lying on long table\"},{\"@type\":\"BreadcrumbList\",\"@id\":\"https:\\\/\\\/www.iblimed.com\\\/index.php\\\/productos\\\/revestimientos-interiores\\\/#breadcrumb\",\"itemListElement\":[{\"@type\":\"ListItem\",\"position\":1,\"name\":\"Home\",\"item\":\"https:\\\/\\\/www.iblimed.com\\\/\"},{\"@type\":\"ListItem\",\"position\":2,\"name\":\"Productos\",\"item\":\"https:\\\/\\\/www.iblimed.com\\\/index.php\\\/productos\\\/\"},{\"@type\":\"ListItem\",\"position\":3,\"name\":\"Revestimientos Interiores\"}]},{\"@type\":\"WebSite\",\"@id\":\"https:\\\/\\\/www.iblimed.com\\\/#website\",\"url\":\"https:\\\/\\\/www.iblimed.com\\\/\",\"name\":\"IBLIMED\",\"description\":\"Instalaciones y blindajes medicos\",\"publisher\":{\"@id\":\"https:\\\/\\\/www.iblimed.com\\\/#organization\"},\"potentialAction\":[{\"@type\":\"SearchAction\",\"target\":{\"@type\":\"EntryPoint\",\"urlTemplate\":\"https:\\\/\\\/www.iblimed.com\\\/?s={search_term_string}\"},\"query-input\":{\"@type\":\"PropertyValueSpecification\",\"valueRequired\":true,\"valueName\":\"search_term_string\"}}],\"inLanguage\":\"es\"},{\"@type\":\"Organization\",\"@id\":\"https:\\\/\\\/www.iblimed.com\\\/#organization\",\"name\":\"IBLIMED\",\"url\":\"https:\\\/\\\/www.iblimed.com\\\/\",\"logo\":{\"@type\":\"ImageObject\",\"inLanguage\":\"es\",\"@id\":\"https:\\\/\\\/www.iblimed.com\\\/#\\\/schema\\\/logo\\\/image\\\/\",\"url\":\"https:\\\/\\\/www.iblimed.com\\\/wp-content\\\/uploads\\\/2025\\\/09\\\/IBLI-06.png\",\"contentUrl\":\"https:\\\/\\\/www.iblimed.com\\\/wp-content\\\/uploads\\\/2025\\\/09\\\/IBLI-06.png\",\"width\":392,\"height\":109,\"caption\":\"IBLIMED\"},\"image\":{\"@id\":\"https:\\\/\\\/www.iblimed.com\\\/#\\\/schema\\\/logo\\\/image\\\/\"},\"sameAs\":[\"https:\\\/\\\/www.linkedin.com\\\/company\\\/iblimed\\\/\"]}]}<\/script>\n<!-- \/ Yoast SEO plugin. -->","yoast_head_json":{"title":"Revestimientos Interiores - IBLIMED","robots":{"index":"index","follow":"follow","max-snippet":"max-snippet:-1","max-image-preview":"max-image-preview:large","max-video-preview":"max-video-preview:-1"},"canonical":"https:\/\/www.iblimed.com\/index.php\/productos\/revestimientos-interiores\/","og_locale":"es_ES","og_type":"article","og_title":"Revestimientos Interiores - IBLIMED","og_url":"https:\/\/www.iblimed.com\/index.php\/productos\/revestimientos-interiores\/","og_site_name":"IBLIMED","article_modified_time":"2026-01-28T20:35:11+00:00","og_image":[{"width":640,"height":427,"url":"https:\/\/www.iblimed.com\/wp-content\/uploads\/AdobeStock_453940939-Medium.jpeg","type":"image\/jpeg"}],"twitter_card":"summary_large_image","twitter_misc":{"Tiempo de lectura":"1 minuto"},"schema":{"@context":"https:\/\/schema.org","@graph":[{"@type":"WebPage","@id":"https:\/\/www.iblimed.com\/index.php\/productos\/revestimientos-interiores\/","url":"https:\/\/www.iblimed.com\/index.php\/productos\/revestimientos-interiores\/","name":"Revestimientos Interiores - IBLIMED","isPartOf":{"@id":"https:\/\/www.iblimed.com\/#website"},"primaryImageOfPage":{"@id":"https:\/\/www.iblimed.com\/index.php\/productos\/revestimientos-interiores\/#primaryimage"},"image":{"@id":"https:\/\/www.iblimed.com\/index.php\/productos\/revestimientos-interiores\/#primaryimage"},"thumbnailUrl":"https:\/\/www.iblimed.com\/wp-content\/uploads\/AdobeStock_453940939-Medium.jpeg","datePublished":"2025-09-18T20:36:12+00:00","dateModified":"2026-01-28T20:35:11+00:00","breadcrumb":{"@id":"https:\/\/www.iblimed.com\/index.php\/productos\/revestimientos-interiores\/#breadcrumb"},"inLanguage":"es","potentialAction":[{"@type":"ReadAction","target":["https:\/\/www.iblimed.com\/index.php\/productos\/revestimientos-interiores\/"]}]},{"@type":"ImageObject","inLanguage":"es","@id":"https:\/\/www.iblimed.com\/index.php\/productos\/revestimientos-interiores\/#primaryimage","url":"https:\/\/www.iblimed.com\/wp-content\/uploads\/AdobeStock_453940939-Medium.jpeg","contentUrl":"https:\/\/www.iblimed.com\/wp-content\/uploads\/AdobeStock_453940939-Medium.jpeg","width":640,"height":427,"caption":"Young doctor in uniform pressing start button of mri scan machine with patient lying on long table"},{"@type":"BreadcrumbList","@id":"https:\/\/www.iblimed.com\/index.php\/productos\/revestimientos-interiores\/#breadcrumb","itemListElement":[{"@type":"ListItem","position":1,"name":"Home","item":"https:\/\/www.iblimed.com\/"},{"@type":"ListItem","position":2,"name":"Productos","item":"https:\/\/www.iblimed.com\/index.php\/productos\/"},{"@type":"ListItem","position":3,"name":"Revestimientos Interiores"}]},{"@type":"WebSite","@id":"https:\/\/www.iblimed.com\/#website","url":"https:\/\/www.iblimed.com\/","name":"IBLIMED","description":"Instalaciones y blindajes medicos","publisher":{"@id":"https:\/\/www.iblimed.com\/#organization"},"potentialAction":[{"@type":"SearchAction","target":{"@type":"EntryPoint","urlTemplate":"https:\/\/www.iblimed.com\/?s={search_term_string}"},"query-input":{"@type":"PropertyValueSpecification","valueRequired":true,"valueName":"search_term_string"}}],"inLanguage":"es"},{"@type":"Organization","@id":"https:\/\/www.iblimed.com\/#organization","name":"IBLIMED","url":"https:\/\/www.iblimed.com\/","logo":{"@type":"ImageObject","inLanguage":"es","@id":"https:\/\/www.iblimed.com\/#\/schema\/logo\/image\/","url":"https:\/\/www.iblimed.com\/wp-content\/uploads\/2025\/09\/IBLI-06.png","contentUrl":"https:\/\/www.iblimed.com\/wp-content\/uploads\/2025\/09\/IBLI-06.png","width":392,"height":109,"caption":"IBLIMED"},"image":{"@id":"https:\/\/www.iblimed.com\/#\/schema\/logo\/image\/"},"sameAs":["https:\/\/www.linkedin.com\/company\/iblimed\/"]}]}},"_links":{"self":[{"href":"https:\/\/www.iblimed.com\/index.php\/wp-json\/wp\/v2\/pages\/549","targetHints":{"allow":["GET"]}}],"collection":[{"href":"https:\/\/www.iblimed.com\/index.php\/wp-json\/wp\/v2\/pages"}],"about":[{"href":"https:\/\/www.iblimed.com\/index.php\/wp-json\/wp\/v2\/types\/page"}],"author":[{"embeddable":true,"href":"https:\/\/www.iblimed.com\/index.php\/wp-json\/wp\/v2\/users\/1"}],"replies":[{"embeddable":true,"href":"https:\/\/www.iblimed.com\/index.php\/wp-json\/wp\/v2\/comments?post=549"}],"version-history":[{"count":7,"href":"https:\/\/www.iblimed.com\/index.php\/wp-json\/wp\/v2\/pages\/549\/revisions"}],"predecessor-version":[{"id":723,"href":"https:\/\/www.iblimed.com\/index.php\/wp-json\/wp\/v2\/pages\/549\/revisions\/723"}],"up":[{"embeddable":true,"href":"https:\/\/www.iblimed.com\/index.php\/wp-json\/wp\/v2\/pages\/69"}],"wp:attachment":[{"href":"https:\/\/www.iblimed.com\/index.php\/wp-json\/wp\/v2\/media?parent=549"}],"curies":[{"name":"wp","href":"https:\/\/api.w.org\/{rel}","templated":true}]}}