{"id":364,"date":"2025-08-11T19:13:07","date_gmt":"2025-08-11T17:13:07","guid":{"rendered":"https:\/\/www.iblimed.com\/?page_id=364"},"modified":"2026-01-28T21:33:55","modified_gmt":"2026-01-28T20:33:55","slug":"servicios","status":"publish","type":"page","link":"https:\/\/www.iblimed.com\/index.php\/servicios\/","title":{"rendered":"Servicios"},"content":{"rendered":"\n<div class=\"wp-block-cover alignfull\" style=\"min-height:300px;aspect-ratio:unset;\"><span aria-hidden=\"true\" class=\"wp-block-cover__background has-nv-site-bg-background-color has-background-dim-100 has-background-dim\"><\/span><div class=\"wp-block-cover__inner-container is-layout-flow wp-block-cover-is-layout-flow\">\n<div class=\"wp-block-group\"><div class=\"wp-block-group__inner-container is-layout-flow wp-block-group-is-layout-flow\">\n<h1 class=\"wp-block-heading has-text-align-center has-text-align-left has-neve-text-color-color has-text-color\">Servicios de blindajes<\/h1>\n<\/div><\/div>\n<\/div><\/div>\n\n\n\n<div id=\"wp-block-themeisle-blocks-advanced-columns-6060ad37\" class=\"wp-block-themeisle-blocks-advanced-columns alignfull has-1-columns has-desktop-equal-layout has-tablet-equal-layout has-mobile-equal-layout has-vertical-unset has-light-bg\"><div class=\"wp-block-themeisle-blocks-advanced-columns-overlay\"><\/div><div class=\"innerblocks-wrap\">\n<div id=\"wp-block-themeisle-blocks-advanced-column-e9443913\" class=\"wp-block-themeisle-blocks-advanced-column\">\n<h6 class=\"wp-block-heading has-neve-link-color-color has-text-color has-medium-font-size\">\u00bfPOR QU\u00c9 LLAMARNOS?<\/h6>\n\n\n\n<h2 class=\"wp-block-heading has-neve-link-hover-color-color has-text-color has-link-color wp-elements-06e56c8fb3a1d6261e5f840284f6d7d6\">Resolvemos sus problemas.<\/h2>\n\n\n\n<p class=\"has-neve-text-color-color has-text-color has-link-color wp-elements-e6ea2965270351bb1d6083f8e2be7f6d\">Somos conscientes de que un mal funcionamiento puede provocar interrupciones en los diagn\u00f3sticos, incomodar a los pacientes y afectar a los m\u00e9dicos. Por eso, ofrecemos un servicio profesional y r\u00e1pido, teniendo siempre en cuenta el bienestar de sus pacientes.<\/p>\n<\/div>\n<\/div><\/div>\n\n\n\n<div id=\"wp-block-themeisle-blocks-advanced-columns-f0d39e55\" class=\"wp-block-themeisle-blocks-advanced-columns alignfull has-3-columns has-desktop-equal-layout has-tablet-equal-layout has-mobile-collapsedRows-layout has-vertical-unset has-light-bg\"><div class=\"wp-block-themeisle-blocks-advanced-columns-overlay\"><\/div><div class=\"innerblocks-wrap\">\n<div id=\"wp-block-themeisle-blocks-advanced-column-df3a3bbe\" class=\"wp-block-themeisle-blocks-advanced-column has-light-bg\">\n<div id=\"wp-block-themeisle-blocks-font-awesome-icons-7b689dc6\" class=\"wp-block-themeisle-blocks-font-awesome-icons\"><span class=\"wp-block-themeisle-blocks-font-awesome-icons-container\"><i class=\"fab fa-wpforms\"><\/i><\/span><\/div>\n\n\n\n<h3 class=\"wp-block-heading has-text-align-center has-neve-link-hover-color-color has-text-color\" style=\"margin-top:0px\">Mediciones de Atenuaci\u00f3n<\/h3>\n\n\n\n<div style=\"height:19px\" aria-hidden=\"true\" class=\"wp-block-spacer\"><\/div>\n\n\n\n<div id=\"wp-block-themeisle-blocks-icon-list-d0cae14e\" class=\"wp-block-themeisle-blocks-icon-list\">\n<div id=\"wp-block-themeisle-blocks-icon-list-item-bbbf26ea\" class=\"wp-block-themeisle-blocks-icon-list-item\"><i class=\"fas fa-check wp-block-themeisle-blocks-icon-list-item-icon\"><\/i><p class=\"wp-block-themeisle-blocks-icon-list-item-content\">Verificamos el estado del blindaje<\/p><\/div>\n\n\n\n<div id=\"wp-block-themeisle-blocks-icon-list-item-f6050ba7\" class=\"wp-block-themeisle-blocks-icon-list-item\"><i class=\"fas fa-check wp-block-themeisle-blocks-icon-list-item-icon\"><\/i><p class=\"wp-block-themeisle-blocks-icon-list-item-content\">Emitimos informes detallados<\/p><\/div>\n\n\n\n<div id=\"wp-block-themeisle-blocks-icon-list-item-1903e013\" class=\"wp-block-themeisle-blocks-icon-list-item\"><i class=\"fas fa-check wp-block-themeisle-blocks-icon-list-item-icon\"><\/i><p class=\"wp-block-themeisle-blocks-icon-list-item-content\">Proponemos soluciones en caso de fallas y ejecutamos la reparaci\u00f3n<\/p><\/div>\n<\/div>\n<\/div>\n\n\n\n<div id=\"wp-block-themeisle-blocks-advanced-column-a92486ee\" class=\"wp-block-themeisle-blocks-advanced-column has-light-bg\">\n<div id=\"wp-block-themeisle-blocks-font-awesome-icons-a8eb2801\" class=\"wp-block-themeisle-blocks-font-awesome-icons\"><span class=\"wp-block-themeisle-blocks-font-awesome-icons-container\"><i class=\"fas fa-cog\"><\/i><\/span><\/div>\n\n\n\n<h3 class=\"wp-block-heading has-text-align-center has-neve-link-hover-color-color has-text-color\" style=\"margin-top:0px\">Remodelaci\u00f3n<\/h3>\n\n\n\n<div style=\"height:54px\" aria-hidden=\"true\" class=\"wp-block-spacer\"><\/div>\n\n\n\n<div id=\"wp-block-themeisle-blocks-icon-list-5257dd07\" class=\"wp-block-themeisle-blocks-icon-list\">\n<div id=\"wp-block-themeisle-blocks-icon-list-item-c5f9e630\" class=\"wp-block-themeisle-blocks-icon-list-item\"><i class=\"fas fa-check wp-block-themeisle-blocks-icon-list-item-icon\"><\/i><p class=\"wp-block-themeisle-blocks-icon-list-item-content\">Adaptaci\u00f3n del blindaje a nuevos equipos<\/p><\/div>\n\n\n\n<div id=\"wp-block-themeisle-blocks-icon-list-item-f8ed667c\" class=\"wp-block-themeisle-blocks-icon-list-item\"><i class=\"fas fa-check wp-block-themeisle-blocks-icon-list-item-icon\"><\/i><p class=\"wp-block-themeisle-blocks-icon-list-item-content\">Reutilizaci\u00f3n de estructuras: opci\u00f3n sustentable y econ\u00f3mica<\/p><\/div>\n\n\n\n<div id=\"wp-block-themeisle-blocks-icon-list-item-3a048579\" class=\"wp-block-themeisle-blocks-icon-list-item\"><i class=\"fas fa-check wp-block-themeisle-blocks-icon-list-item-icon\"><\/i><p class=\"wp-block-themeisle-blocks-icon-list-item-content\">Optimizaci\u00f3n del blindaje sin desmontaje total<\/p><\/div>\n<\/div>\n<\/div>\n\n\n\n<div id=\"wp-block-themeisle-blocks-advanced-column-0c34f1ca\" class=\"wp-block-themeisle-blocks-advanced-column has-light-bg\">\n<div id=\"wp-block-themeisle-blocks-font-awesome-icons-a58203cd\" class=\"wp-block-themeisle-blocks-font-awesome-icons\"><span class=\"wp-block-themeisle-blocks-font-awesome-icons-container\"><i class=\"fas fa-tools\"><\/i><\/span><\/div>\n\n\n\n<h3 class=\"wp-block-heading has-text-align-center has-neve-link-hover-color-color has-text-color\" style=\"margin-top:0px\">Reparaci\u00f3n<\/h3>\n\n\n\n<div style=\"height:55px\" aria-hidden=\"true\" class=\"wp-block-spacer\"><\/div>\n\n\n\n<div id=\"wp-block-themeisle-blocks-icon-list-892c84fa\" class=\"wp-block-themeisle-blocks-icon-list\">\n<div id=\"wp-block-themeisle-blocks-icon-list-item-0fea3ffd\" class=\"wp-block-themeisle-blocks-icon-list-item\"><i class=\"fas fa-check wp-block-themeisle-blocks-icon-list-item-icon\"><\/i><p class=\"wp-block-themeisle-blocks-icon-list-item-content\">Detecci\u00f3n y correcci\u00f3n de fallas<\/p><\/div>\n\n\n\n<div id=\"wp-block-themeisle-blocks-icon-list-item-c5e816f6\" class=\"wp-block-themeisle-blocks-icon-list-item\"><i class=\"fas fa-check wp-block-themeisle-blocks-icon-list-item-icon\"><\/i><p class=\"wp-block-themeisle-blocks-icon-list-item-content\">Reparaci\u00f3n de puertas, fugas y pisos da\u00f1ados<\/p><\/div>\n\n\n\n<div id=\"wp-block-themeisle-blocks-icon-list-item-a1949a1d\" class=\"wp-block-themeisle-blocks-icon-list-item\"><i class=\"fas fa-check wp-block-themeisle-blocks-icon-list-item-icon\"><\/i><p class=\"wp-block-themeisle-blocks-icon-list-item-content\">Renovaci\u00f3n completa de interiores sin afectar el blindaje funcional<\/p><\/div>\n<\/div>\n<\/div>\n<\/div><\/div>\n","protected":false},"excerpt":{"rendered":"","protected":false},"author":1,"featured_media":0,"parent":0,"menu_order":0,"comment_status":"closed","ping_status":"closed","template":"","meta":{"neve_meta_sidebar":"full-width","neve_meta_container":"","neve_meta_enable_content_width":"on","neve_meta_content_width":100,"neve_meta_title_alignment":"","neve_meta_author_avatar":"","neve_post_elements_order":"","neve_meta_disable_header":"","neve_meta_disable_footer":"","neve_meta_disable_title":"on","_themeisle_gutenberg_block_has_review":false,"footnotes":""},"class_list":["post-364","page","type-page","status-publish","hentry"],"yoast_head":"<!-- This site is optimized with the Yoast SEO plugin v27.4 - https:\/\/yoast.com\/product\/yoast-seo-wordpress\/ -->\n<title>Servicios - IBLIMED<\/title>\n<meta name=\"robots\" content=\"index, follow, max-snippet:-1, max-image-preview:large, max-video-preview:-1\" \/>\n<link rel=\"canonical\" href=\"https:\/\/www.iblimed.com\/index.php\/servicios\/\" \/>\n<meta property=\"og:locale\" content=\"es_ES\" \/>\n<meta property=\"og:type\" content=\"article\" \/>\n<meta property=\"og:title\" content=\"Servicios - IBLIMED\" \/>\n<meta property=\"og:url\" content=\"https:\/\/www.iblimed.com\/index.php\/servicios\/\" \/>\n<meta property=\"og:site_name\" content=\"IBLIMED\" \/>\n<meta property=\"article:modified_time\" content=\"2026-01-28T20:33:55+00:00\" \/>\n<meta name=\"twitter:card\" content=\"summary_large_image\" \/>\n<meta name=\"twitter:label1\" content=\"Tiempo de lectura\" \/>\n\t<meta name=\"twitter:data1\" content=\"1 minuto\" \/>\n<script type=\"application\/ld+json\" class=\"yoast-schema-graph\">{\"@context\":\"https:\\\/\\\/schema.org\",\"@graph\":[{\"@type\":\"WebPage\",\"@id\":\"https:\\\/\\\/www.iblimed.com\\\/index.php\\\/servicios\\\/\",\"url\":\"https:\\\/\\\/www.iblimed.com\\\/index.php\\\/servicios\\\/\",\"name\":\"Servicios - IBLIMED\",\"isPartOf\":{\"@id\":\"https:\\\/\\\/www.iblimed.com\\\/#website\"},\"datePublished\":\"2025-08-11T17:13:07+00:00\",\"dateModified\":\"2026-01-28T20:33:55+00:00\",\"breadcrumb\":{\"@id\":\"https:\\\/\\\/www.iblimed.com\\\/index.php\\\/servicios\\\/#breadcrumb\"},\"inLanguage\":\"es\",\"potentialAction\":[{\"@type\":\"ReadAction\",\"target\":[\"https:\\\/\\\/www.iblimed.com\\\/index.php\\\/servicios\\\/\"]}]},{\"@type\":\"BreadcrumbList\",\"@id\":\"https:\\\/\\\/www.iblimed.com\\\/index.php\\\/servicios\\\/#breadcrumb\",\"itemListElement\":[{\"@type\":\"ListItem\",\"position\":1,\"name\":\"Home\",\"item\":\"https:\\\/\\\/www.iblimed.com\\\/\"},{\"@type\":\"ListItem\",\"position\":2,\"name\":\"Servicios\"}]},{\"@type\":\"WebSite\",\"@id\":\"https:\\\/\\\/www.iblimed.com\\\/#website\",\"url\":\"https:\\\/\\\/www.iblimed.com\\\/\",\"name\":\"IBLIMED\",\"description\":\"Instalaciones y blindajes medicos\",\"publisher\":{\"@id\":\"https:\\\/\\\/www.iblimed.com\\\/#organization\"},\"potentialAction\":[{\"@type\":\"SearchAction\",\"target\":{\"@type\":\"EntryPoint\",\"urlTemplate\":\"https:\\\/\\\/www.iblimed.com\\\/?s={search_term_string}\"},\"query-input\":{\"@type\":\"PropertyValueSpecification\",\"valueRequired\":true,\"valueName\":\"search_term_string\"}}],\"inLanguage\":\"es\"},{\"@type\":\"Organization\",\"@id\":\"https:\\\/\\\/www.iblimed.com\\\/#organization\",\"name\":\"IBLIMED\",\"url\":\"https:\\\/\\\/www.iblimed.com\\\/\",\"logo\":{\"@type\":\"ImageObject\",\"inLanguage\":\"es\",\"@id\":\"https:\\\/\\\/www.iblimed.com\\\/#\\\/schema\\\/logo\\\/image\\\/\",\"url\":\"https:\\\/\\\/www.iblimed.com\\\/wp-content\\\/uploads\\\/2025\\\/09\\\/IBLI-06.png\",\"contentUrl\":\"https:\\\/\\\/www.iblimed.com\\\/wp-content\\\/uploads\\\/2025\\\/09\\\/IBLI-06.png\",\"width\":392,\"height\":109,\"caption\":\"IBLIMED\"},\"image\":{\"@id\":\"https:\\\/\\\/www.iblimed.com\\\/#\\\/schema\\\/logo\\\/image\\\/\"},\"sameAs\":[\"https:\\\/\\\/www.linkedin.com\\\/company\\\/iblimed\\\/\"]}]}<\/script>\n<!-- \/ Yoast SEO plugin. -->","yoast_head_json":{"title":"Servicios - IBLIMED","robots":{"index":"index","follow":"follow","max-snippet":"max-snippet:-1","max-image-preview":"max-image-preview:large","max-video-preview":"max-video-preview:-1"},"canonical":"https:\/\/www.iblimed.com\/index.php\/servicios\/","og_locale":"es_ES","og_type":"article","og_title":"Servicios - IBLIMED","og_url":"https:\/\/www.iblimed.com\/index.php\/servicios\/","og_site_name":"IBLIMED","article_modified_time":"2026-01-28T20:33:55+00:00","twitter_card":"summary_large_image","twitter_misc":{"Tiempo de lectura":"1 minuto"},"schema":{"@context":"https:\/\/schema.org","@graph":[{"@type":"WebPage","@id":"https:\/\/www.iblimed.com\/index.php\/servicios\/","url":"https:\/\/www.iblimed.com\/index.php\/servicios\/","name":"Servicios - IBLIMED","isPartOf":{"@id":"https:\/\/www.iblimed.com\/#website"},"datePublished":"2025-08-11T17:13:07+00:00","dateModified":"2026-01-28T20:33:55+00:00","breadcrumb":{"@id":"https:\/\/www.iblimed.com\/index.php\/servicios\/#breadcrumb"},"inLanguage":"es","potentialAction":[{"@type":"ReadAction","target":["https:\/\/www.iblimed.com\/index.php\/servicios\/"]}]},{"@type":"BreadcrumbList","@id":"https:\/\/www.iblimed.com\/index.php\/servicios\/#breadcrumb","itemListElement":[{"@type":"ListItem","position":1,"name":"Home","item":"https:\/\/www.iblimed.com\/"},{"@type":"ListItem","position":2,"name":"Servicios"}]},{"@type":"WebSite","@id":"https:\/\/www.iblimed.com\/#website","url":"https:\/\/www.iblimed.com\/","name":"IBLIMED","description":"Instalaciones y blindajes medicos","publisher":{"@id":"https:\/\/www.iblimed.com\/#organization"},"potentialAction":[{"@type":"SearchAction","target":{"@type":"EntryPoint","urlTemplate":"https:\/\/www.iblimed.com\/?s={search_term_string}"},"query-input":{"@type":"PropertyValueSpecification","valueRequired":true,"valueName":"search_term_string"}}],"inLanguage":"es"},{"@type":"Organization","@id":"https:\/\/www.iblimed.com\/#organization","name":"IBLIMED","url":"https:\/\/www.iblimed.com\/","logo":{"@type":"ImageObject","inLanguage":"es","@id":"https:\/\/www.iblimed.com\/#\/schema\/logo\/image\/","url":"https:\/\/www.iblimed.com\/wp-content\/uploads\/2025\/09\/IBLI-06.png","contentUrl":"https:\/\/www.iblimed.com\/wp-content\/uploads\/2025\/09\/IBLI-06.png","width":392,"height":109,"caption":"IBLIMED"},"image":{"@id":"https:\/\/www.iblimed.com\/#\/schema\/logo\/image\/"},"sameAs":["https:\/\/www.linkedin.com\/company\/iblimed\/"]}]}},"_links":{"self":[{"href":"https:\/\/www.iblimed.com\/index.php\/wp-json\/wp\/v2\/pages\/364","targetHints":{"allow":["GET"]}}],"collection":[{"href":"https:\/\/www.iblimed.com\/index.php\/wp-json\/wp\/v2\/pages"}],"about":[{"href":"https:\/\/www.iblimed.com\/index.php\/wp-json\/wp\/v2\/types\/page"}],"author":[{"embeddable":true,"href":"https:\/\/www.iblimed.com\/index.php\/wp-json\/wp\/v2\/users\/1"}],"replies":[{"embeddable":true,"href":"https:\/\/www.iblimed.com\/index.php\/wp-json\/wp\/v2\/comments?post=364"}],"version-history":[{"count":26,"href":"https:\/\/www.iblimed.com\/index.php\/wp-json\/wp\/v2\/pages\/364\/revisions"}],"predecessor-version":[{"id":669,"href":"https:\/\/www.iblimed.com\/index.php\/wp-json\/wp\/v2\/pages\/364\/revisions\/669"}],"wp:attachment":[{"href":"https:\/\/www.iblimed.com\/index.php\/wp-json\/wp\/v2\/media?parent=364"}],"curies":[{"name":"wp","href":"https:\/\/api.w.org\/{rel}","templated":true}]}}